{"id":5829,"date":"2018-12-17T21:29:30","date_gmt":"2018-12-17T20:29:30","guid":{"rendered":"https:\/\/www.paisajesverticales.com\/?page_id=5829"},"modified":"2025-07-25T19:27:38","modified_gmt":"2025-07-25T17:27:38","slug":"imagenes-de-paisaje-y-naturaleza-a-vista-de-dron","status":"publish","type":"page","link":"https:\/\/www.paisajesverticales.com\/es\/servicios\/imagenes-de-paisaje-y-naturaleza-a-vista-de-dron\/","title":{"rendered":"Im\u00e1genes de paisaje y naturaleza a vista de dron"},"content":{"rendered":"<div class=\"fusion-fullwidth fullwidth-box fusion-builder-row-1 nonhundred-percent-fullwidth non-hundred-percent-height-scrolling\" style=\"--awb-border-radius-top-left:0px;--awb-border-radius-top-right:0px;--awb-border-radius-bottom-right:0px;--awb-border-radius-bottom-left:0px;--awb-margin-bottom:20px;--awb-flex-wrap:wrap;\" ><div class=\"fusion-builder-row fusion-row\"><div class=\"fusion-layout-column fusion_builder_column fusion-builder-column-0 fusion_builder_column_1_1 1_1 fusion-one-full fusion-column-first fusion-column-last\" style=\"--awb-bg-size:cover;\"><div class=\"fusion-column-wrapper fusion-flex-column-wrapper-legacy\"><div class=\"fusion-title title fusion-title-1 fusion-sep-none fusion-title-text fusion-title-size-one\"><h1 class=\"fusion-title-heading title-heading-left fusion-responsive-typography-calculated\" style=\"margin:0;--fontSize:34;line-height:1.3;\">Im\u00e1genes de paisaje y naturaleza a vista de dron<\/h1><\/div><div class=\"fusion-sep-clear\"><\/div><div class=\"fusion-separator fusion-full-width-sep\" style=\"margin-left: auto;margin-right: auto;margin-top:5px;margin-bottom:5px;width:100%;\"><\/div><div class=\"fusion-sep-clear\"><\/div><div class=\"awb-gallery-wrapper awb-gallery-wrapper-1 button-span-no\"><div style=\"margin:-5px;--awb-bordersize:0px;\" class=\"fusion-gallery fusion-gallery-container fusion-grid-3 fusion-columns-total-12 fusion-gallery-layout-grid fusion-gallery-1\"><div style=\"padding:5px;\" class=\"fusion-grid-column fusion-gallery-column fusion-gallery-column-3 hover-type-none\"><div class=\"fusion-gallery-image\"><a href=\"https:\/\/www.paisajesverticales.com\/WP\/wp-content\/uploads\/20180920-141140-WEB.jpg\" rel=\"noreferrer\" data-rel=\"iLightbox[gallery_image_1]\" class=\"fusion-lightbox\" target=\"_self\"><img decoding=\"async\" src=\"https:\/\/www.paisajesverticales.com\/WP\/wp-content\/uploads\/20180920-141140-WEB.jpg\" width=\"1200\" height=\"799\" alt=\"\" title=\"20180920-141140-WEB\" aria-label=\"20180920-141140-WEB\" class=\"img-responsive wp-image-5228 fusion-gallery-image-size-fixed\" srcset=\"https:\/\/www.paisajesverticales.com\/WP\/wp-content\/uploads\/20180920-141140-WEB-200x133.jpg 200w, https:\/\/www.paisajesverticales.com\/WP\/wp-content\/uploads\/20180920-141140-WEB-400x266.jpg 400w, https:\/\/www.paisajesverticales.com\/WP\/wp-content\/uploads\/20180920-141140-WEB-600x400.jpg 600w, https:\/\/www.paisajesverticales.com\/WP\/wp-content\/uploads\/20180920-141140-WEB-800x533.jpg 800w, https:\/\/www.paisajesverticales.com\/WP\/wp-content\/uploads\/20180920-141140-WEB.jpg 1200w\" sizes=\"(min-width: 2200px) 100vw, (min-width: 704px) 390px, (min-width: 672px) 585px, (min-width: 640px) 672px, \" \/><\/a><\/div><\/div><div style=\"padding:5px;\" class=\"fusion-grid-column fusion-gallery-column fusion-gallery-column-3 hover-type-none\"><div class=\"fusion-gallery-image\"><a href=\"https:\/\/www.paisajesverticales.com\/WP\/wp-content\/uploads\/20170507-DJI_0587-WEB.jpg\" rel=\"noreferrer\" data-rel=\"iLightbox[gallery_image_1]\" class=\"fusion-lightbox\" target=\"_self\"><img decoding=\"async\" src=\"https:\/\/www.paisajesverticales.com\/WP\/wp-content\/uploads\/20170507-DJI_0587-WEB.jpg\" width=\"1200\" height=\"900\" alt=\"Paisajes Verticales - Fotograf\u00eda a\u00e9rea - INFRAESTRUCTURAS Y OBRA CIVIL (Puente Eiffel sobre el rio Ter)\" title=\"Paisajes Verticales &#8211; Fotograf\u00eda a\u00e9rea &#8211; INFRAESTRUCTURAS Y OBRA CIVIL (Puente Eiffel sobre el rio Ter)\" aria-label=\"Paisajes Verticales &#8211; Fotograf\u00eda a\u00e9rea &#8211; INFRAESTRUCTURAS Y OBRA CIVIL (Puente Eiffel sobre el rio Ter)\" class=\"img-responsive wp-image-1223 fusion-gallery-image-size-fixed\" srcset=\"https:\/\/www.paisajesverticales.com\/WP\/wp-content\/uploads\/20170507-DJI_0587-WEB-200x150.jpg 200w, https:\/\/www.paisajesverticales.com\/WP\/wp-content\/uploads\/20170507-DJI_0587-WEB-400x300.jpg 400w, https:\/\/www.paisajesverticales.com\/WP\/wp-content\/uploads\/20170507-DJI_0587-WEB-600x450.jpg 600w, https:\/\/www.paisajesverticales.com\/WP\/wp-content\/uploads\/20170507-DJI_0587-WEB-800x600.jpg 800w, https:\/\/www.paisajesverticales.com\/WP\/wp-content\/uploads\/20170507-DJI_0587-WEB.jpg 1200w\" sizes=\"(min-width: 2200px) 100vw, (min-width: 704px) 390px, (min-width: 672px) 585px, (min-width: 640px) 672px, \" \/><\/a><\/div><\/div><div style=\"padding:5px;\" class=\"fusion-grid-column fusion-gallery-column fusion-gallery-column-3 hover-type-none\"><div class=\"fusion-gallery-image\"><a href=\"https:\/\/www.paisajesverticales.com\/WP\/wp-content\/uploads\/20151114-DJI_0029-WEB.jpg\" rel=\"noreferrer\" data-rel=\"iLightbox[gallery_image_1]\" class=\"fusion-lightbox\" target=\"_self\"><img decoding=\"async\" src=\"https:\/\/www.paisajesverticales.com\/WP\/wp-content\/uploads\/20151114-DJI_0029-WEB.jpg\" width=\"1200\" height=\"800\" alt=\"\" title=\"20151114-DJI_0029-WEB\" aria-label=\"20151114-DJI_0029-WEB\" class=\"img-responsive wp-image-5225 fusion-gallery-image-size-fixed\" srcset=\"https:\/\/www.paisajesverticales.com\/WP\/wp-content\/uploads\/20151114-DJI_0029-WEB-200x133.jpg 200w, https:\/\/www.paisajesverticales.com\/WP\/wp-content\/uploads\/20151114-DJI_0029-WEB-400x267.jpg 400w, https:\/\/www.paisajesverticales.com\/WP\/wp-content\/uploads\/20151114-DJI_0029-WEB-600x400.jpg 600w, https:\/\/www.paisajesverticales.com\/WP\/wp-content\/uploads\/20151114-DJI_0029-WEB-800x533.jpg 800w, https:\/\/www.paisajesverticales.com\/WP\/wp-content\/uploads\/20151114-DJI_0029-WEB.jpg 1200w\" sizes=\"(min-width: 2200px) 100vw, (min-width: 704px) 390px, (min-width: 672px) 585px, (min-width: 640px) 672px, \" \/><\/a><\/div><\/div><div class=\"clearfix\"><\/div><div style=\"padding:5px;\" class=\"fusion-grid-column fusion-gallery-column fusion-gallery-column-3 hover-type-none\"><div class=\"fusion-gallery-image\"><a href=\"https:\/\/www.paisajesverticales.com\/WP\/wp-content\/uploads\/20160329-DJI_0004-WEB.jpg\" rel=\"noreferrer\" data-rel=\"iLightbox[gallery_image_1]\" class=\"fusion-lightbox\" target=\"_self\"><img decoding=\"async\" src=\"https:\/\/www.paisajesverticales.com\/WP\/wp-content\/uploads\/20160329-DJI_0004-WEB.jpg\" width=\"1200\" height=\"900\" alt=\"Paisajes Verticales - Fotograf\u00eda a\u00e9rea - PROMOCI\u00d3N TUR\u00cdSTICA (Castellfollit de la Roca)\" title=\"Paisajes Verticales &#8211; Fotograf\u00eda a\u00e9rea &#8211; PROMOCI\u00d3N TUR\u00cdSTICA (Castellfollit de la Roca)\" aria-label=\"Paisajes Verticales &#8211; Fotograf\u00eda a\u00e9rea &#8211; PROMOCI\u00d3N TUR\u00cdSTICA (Castellfollit de la Roca)\" class=\"img-responsive wp-image-1765 fusion-gallery-image-size-fixed\" srcset=\"https:\/\/www.paisajesverticales.com\/WP\/wp-content\/uploads\/20160329-DJI_0004-WEB-200x150.jpg 200w, https:\/\/www.paisajesverticales.com\/WP\/wp-content\/uploads\/20160329-DJI_0004-WEB-400x300.jpg 400w, https:\/\/www.paisajesverticales.com\/WP\/wp-content\/uploads\/20160329-DJI_0004-WEB-600x450.jpg 600w, https:\/\/www.paisajesverticales.com\/WP\/wp-content\/uploads\/20160329-DJI_0004-WEB-800x600.jpg 800w, https:\/\/www.paisajesverticales.com\/WP\/wp-content\/uploads\/20160329-DJI_0004-WEB.jpg 1200w\" sizes=\"(min-width: 2200px) 100vw, (min-width: 704px) 390px, (min-width: 672px) 585px, (min-width: 640px) 672px, \" \/><\/a><\/div><\/div><div style=\"padding:5px;\" class=\"fusion-grid-column fusion-gallery-column fusion-gallery-column-3 hover-type-none\"><div class=\"fusion-gallery-image\"><a href=\"https:\/\/www.paisajesverticales.com\/WP\/wp-content\/uploads\/20171118-124256-WEB.jpg\" rel=\"noreferrer\" data-rel=\"iLightbox[gallery_image_1]\" class=\"fusion-lightbox\" target=\"_self\"><img decoding=\"async\" src=\"https:\/\/www.paisajesverticales.com\/WP\/wp-content\/uploads\/20171118-124256-WEB.jpg\" width=\"1200\" height=\"799\" alt=\"Carretera del Garraf (Barcelona)\" title=\"Carretera del Garraf (Barcelona)\" aria-label=\"Carretera del Garraf (Barcelona)\" class=\"img-responsive wp-image-3412 fusion-gallery-image-size-fixed\" srcset=\"https:\/\/www.paisajesverticales.com\/WP\/wp-content\/uploads\/20171118-124256-WEB-200x133.jpg 200w, https:\/\/www.paisajesverticales.com\/WP\/wp-content\/uploads\/20171118-124256-WEB-400x266.jpg 400w, https:\/\/www.paisajesverticales.com\/WP\/wp-content\/uploads\/20171118-124256-WEB-600x400.jpg 600w, https:\/\/www.paisajesverticales.com\/WP\/wp-content\/uploads\/20171118-124256-WEB-800x533.jpg 800w, https:\/\/www.paisajesverticales.com\/WP\/wp-content\/uploads\/20171118-124256-WEB.jpg 1200w\" sizes=\"(min-width: 2200px) 100vw, (min-width: 704px) 390px, (min-width: 672px) 585px, (min-width: 640px) 672px, \" \/><\/a><\/div><\/div><div style=\"padding:5px;\" class=\"fusion-grid-column fusion-gallery-column fusion-gallery-column-3 hover-type-none\"><div class=\"fusion-gallery-image\"><a href=\"https:\/\/www.paisajesverticales.com\/WP\/wp-content\/uploads\/20170223-DJI_0061-WEB.jpg\" rel=\"noreferrer\" data-rel=\"iLightbox[gallery_image_1]\" class=\"fusion-lightbox\" target=\"_self\"><img decoding=\"async\" src=\"https:\/\/www.paisajesverticales.com\/WP\/wp-content\/uploads\/20170223-DJI_0061-WEB.jpg\" width=\"1200\" height=\"900\" alt=\"Paisajes Verticales - Fotograf\u00eda a\u00e9rea - PAISAJE Y NATURALEZA\" title=\"Paisajes Verticales &#8211; Fotograf\u00eda a\u00e9rea &#8211; PAISAJE Y NATURALEZA\" aria-label=\"Paisajes Verticales &#8211; Fotograf\u00eda a\u00e9rea &#8211; PAISAJE Y NATURALEZA\" class=\"img-responsive wp-image-1231 fusion-gallery-image-size-fixed\" srcset=\"https:\/\/www.paisajesverticales.com\/WP\/wp-content\/uploads\/20170223-DJI_0061-WEB-200x150.jpg 200w, https:\/\/www.paisajesverticales.com\/WP\/wp-content\/uploads\/20170223-DJI_0061-WEB-400x300.jpg 400w, https:\/\/www.paisajesverticales.com\/WP\/wp-content\/uploads\/20170223-DJI_0061-WEB-600x450.jpg 600w, https:\/\/www.paisajesverticales.com\/WP\/wp-content\/uploads\/20170223-DJI_0061-WEB-800x600.jpg 800w, https:\/\/www.paisajesverticales.com\/WP\/wp-content\/uploads\/20170223-DJI_0061-WEB.jpg 1200w\" sizes=\"(min-width: 2200px) 100vw, (min-width: 704px) 390px, (min-width: 672px) 585px, (min-width: 640px) 672px, \" \/><\/a><\/div><\/div><div class=\"clearfix\"><\/div><div style=\"padding:5px;\" class=\"fusion-grid-column fusion-gallery-column fusion-gallery-column-3 hover-type-none\"><div class=\"fusion-gallery-image\"><a href=\"https:\/\/www.paisajesverticales.com\/WP\/wp-content\/uploads\/20151105-DJI_0094-WEB.jpg\" rel=\"noreferrer\" data-rel=\"iLightbox[gallery_image_1]\" class=\"fusion-lightbox\" target=\"_self\"><img decoding=\"async\" src=\"https:\/\/www.paisajesverticales.com\/WP\/wp-content\/uploads\/20151105-DJI_0094-WEB.jpg\" width=\"1200\" height=\"900\" alt=\"Paisajes Verticales \u2013 Fotograf\u00eda a\u00e9rea \u2013 PATRIMONIO HIST\u00d3RICO (Emp\u00faries)\" title=\"Paisajes Verticales \u2013 Fotograf\u00eda a\u00e9rea \u2013 PATRIMONIO HIST\u00d3RICO (Emp\u00faries)\" aria-label=\"Paisajes Verticales \u2013 Fotograf\u00eda a\u00e9rea \u2013 PATRIMONIO HIST\u00d3RICO (Emp\u00faries)\" class=\"img-responsive wp-image-1727 fusion-gallery-image-size-fixed\" srcset=\"https:\/\/www.paisajesverticales.com\/WP\/wp-content\/uploads\/20151105-DJI_0094-WEB-200x150.jpg 200w, https:\/\/www.paisajesverticales.com\/WP\/wp-content\/uploads\/20151105-DJI_0094-WEB-400x300.jpg 400w, https:\/\/www.paisajesverticales.com\/WP\/wp-content\/uploads\/20151105-DJI_0094-WEB-600x450.jpg 600w, https:\/\/www.paisajesverticales.com\/WP\/wp-content\/uploads\/20151105-DJI_0094-WEB-800x600.jpg 800w, https:\/\/www.paisajesverticales.com\/WP\/wp-content\/uploads\/20151105-DJI_0094-WEB.jpg 1200w\" sizes=\"(min-width: 2200px) 100vw, (min-width: 704px) 390px, (min-width: 672px) 585px, (min-width: 640px) 672px, \" \/><\/a><\/div><\/div><div style=\"padding:5px;\" class=\"fusion-grid-column fusion-gallery-column fusion-gallery-column-3 hover-type-none\"><div class=\"fusion-gallery-image\"><a href=\"https:\/\/www.paisajesverticales.com\/WP\/wp-content\/uploads\/20151114-DJI_0013-WEB.jpg\" rel=\"noreferrer\" data-rel=\"iLightbox[gallery_image_1]\" class=\"fusion-lightbox\" target=\"_self\"><img decoding=\"async\" src=\"https:\/\/www.paisajesverticales.com\/WP\/wp-content\/uploads\/20151114-DJI_0013-WEB.jpg\" width=\"1200\" height=\"900\" alt=\"Paisajes Verticales - Fotograf\u00eda a\u00e9rea - PAISAJE Y NATURALEZA (Banyoles)\" title=\"Paisajes Verticales &#8211; Fotograf\u00eda a\u00e9rea &#8211; PAISAJE Y NATURALEZA (Banyoles)\" aria-label=\"Paisajes Verticales &#8211; Fotograf\u00eda a\u00e9rea &#8211; PAISAJE Y NATURALEZA (Banyoles)\" class=\"img-responsive wp-image-1219 fusion-gallery-image-size-fixed\" srcset=\"https:\/\/www.paisajesverticales.com\/WP\/wp-content\/uploads\/20151114-DJI_0013-WEB-200x150.jpg 200w, https:\/\/www.paisajesverticales.com\/WP\/wp-content\/uploads\/20151114-DJI_0013-WEB-400x300.jpg 400w, https:\/\/www.paisajesverticales.com\/WP\/wp-content\/uploads\/20151114-DJI_0013-WEB-600x450.jpg 600w, https:\/\/www.paisajesverticales.com\/WP\/wp-content\/uploads\/20151114-DJI_0013-WEB-800x600.jpg 800w, https:\/\/www.paisajesverticales.com\/WP\/wp-content\/uploads\/20151114-DJI_0013-WEB.jpg 1200w\" sizes=\"(min-width: 2200px) 100vw, (min-width: 704px) 390px, (min-width: 672px) 585px, (min-width: 640px) 672px, \" \/><\/a><\/div><\/div><div style=\"padding:5px;\" class=\"fusion-grid-column fusion-gallery-column fusion-gallery-column-3 hover-type-none\"><div class=\"fusion-gallery-image\"><a href=\"https:\/\/www.paisajesverticales.com\/WP\/wp-content\/uploads\/20160924-DJI_0017-WEB.jpg\" rel=\"noreferrer\" data-rel=\"iLightbox[gallery_image_1]\" class=\"fusion-lightbox\" target=\"_self\"><img decoding=\"async\" src=\"https:\/\/www.paisajesverticales.com\/WP\/wp-content\/uploads\/20160924-DJI_0017-WEB.jpg\" width=\"1200\" height=\"900\" alt=\"Paisajes Verticales - Fotograf\u00eda a\u00e9rea - PROMOCI\u00d3N TUR\u00cdSTICA (S&#039;Alguer, Palam\u00f3s)\" title=\"Paisajes Verticales &#8211; Fotograf\u00eda a\u00e9rea &#8211; PROMOCI\u00d3N TUR\u00cdSTICA (S&#8217;Alguer, Palam\u00f3s)\" aria-label=\"Paisajes Verticales &#8211; Fotograf\u00eda a\u00e9rea &#8211; PROMOCI\u00d3N TUR\u00cdSTICA (S&#8217;Alguer, Palam\u00f3s)\" class=\"img-responsive wp-image-1771 fusion-gallery-image-size-fixed\" srcset=\"https:\/\/www.paisajesverticales.com\/WP\/wp-content\/uploads\/20160924-DJI_0017-WEB-200x150.jpg 200w, https:\/\/www.paisajesverticales.com\/WP\/wp-content\/uploads\/20160924-DJI_0017-WEB-400x300.jpg 400w, https:\/\/www.paisajesverticales.com\/WP\/wp-content\/uploads\/20160924-DJI_0017-WEB-600x450.jpg 600w, https:\/\/www.paisajesverticales.com\/WP\/wp-content\/uploads\/20160924-DJI_0017-WEB-800x600.jpg 800w, https:\/\/www.paisajesverticales.com\/WP\/wp-content\/uploads\/20160924-DJI_0017-WEB.jpg 1200w\" sizes=\"(min-width: 2200px) 100vw, (min-width: 704px) 390px, (min-width: 672px) 585px, (min-width: 640px) 672px, \" \/><\/a><\/div><\/div><div class=\"clearfix\"><\/div><div style=\"padding:5px;\" class=\"fusion-grid-column fusion-gallery-column fusion-gallery-column-3 hover-type-none\"><div class=\"fusion-gallery-image\"><a href=\"https:\/\/www.paisajesverticales.com\/WP\/wp-content\/uploads\/20140524-DJI00036-WEB.jpg\" rel=\"noreferrer\" data-rel=\"iLightbox[gallery_image_1]\" class=\"fusion-lightbox\" target=\"_self\"><img decoding=\"async\" src=\"https:\/\/www.paisajesverticales.com\/WP\/wp-content\/uploads\/20140524-DJI00036-WEB.jpg\" width=\"1200\" height=\"900\" alt=\"Paisajes Verticales \u2013 Fotograf\u00eda a\u00e9rea \u2013 PROMOCI\u00d3N TUR\u00cdSTICA (Calella de Palafrugell)\" title=\"Paisajes Verticales \u2013 Fotograf\u00eda a\u00e9rea \u2013 PROMOCI\u00d3N TUR\u00cdSTICA (Calella de Palafrugell)\" aria-label=\"Paisajes Verticales \u2013 Fotograf\u00eda a\u00e9rea \u2013 PROMOCI\u00d3N TUR\u00cdSTICA (Calella de Palafrugell)\" class=\"img-responsive wp-image-1996 fusion-gallery-image-size-fixed\" srcset=\"https:\/\/www.paisajesverticales.com\/WP\/wp-content\/uploads\/20140524-DJI00036-WEB-200x150.jpg 200w, https:\/\/www.paisajesverticales.com\/WP\/wp-content\/uploads\/20140524-DJI00036-WEB-400x300.jpg 400w, https:\/\/www.paisajesverticales.com\/WP\/wp-content\/uploads\/20140524-DJI00036-WEB-600x450.jpg 600w, https:\/\/www.paisajesverticales.com\/WP\/wp-content\/uploads\/20140524-DJI00036-WEB-800x600.jpg 800w, https:\/\/www.paisajesverticales.com\/WP\/wp-content\/uploads\/20140524-DJI00036-WEB.jpg 1200w\" sizes=\"(min-width: 2200px) 100vw, (min-width: 704px) 390px, (min-width: 672px) 585px, (min-width: 640px) 672px, \" \/><\/a><\/div><\/div><div style=\"padding:5px;\" class=\"fusion-grid-column fusion-gallery-column fusion-gallery-column-3 hover-type-none\"><div class=\"fusion-gallery-image\"><a href=\"https:\/\/www.paisajesverticales.com\/WP\/wp-content\/uploads\/20150924-DJI_0046-WEB.jpg\" rel=\"noreferrer\" data-rel=\"iLightbox[gallery_image_1]\" class=\"fusion-lightbox\" target=\"_self\"><img decoding=\"async\" src=\"https:\/\/www.paisajesverticales.com\/WP\/wp-content\/uploads\/20150924-DJI_0046-WEB.jpg\" width=\"1200\" height=\"900\" alt=\"Paisajes Verticales \u2013 Fotograf\u00eda a\u00e9rea \u2013 PROMOCI\u00d3N TUR\u00cdSTICA (Llafranc)\" title=\"Paisajes Verticales \u2013 Fotograf\u00eda a\u00e9rea \u2013 PROMOCI\u00d3N TUR\u00cdSTICA (Llafranc)\" aria-label=\"Paisajes Verticales \u2013 Fotograf\u00eda a\u00e9rea \u2013 PROMOCI\u00d3N TUR\u00cdSTICA (Llafranc)\" class=\"img-responsive wp-image-1946 fusion-gallery-image-size-fixed\" srcset=\"https:\/\/www.paisajesverticales.com\/WP\/wp-content\/uploads\/20150924-DJI_0046-WEB-200x150.jpg 200w, https:\/\/www.paisajesverticales.com\/WP\/wp-content\/uploads\/20150924-DJI_0046-WEB-400x300.jpg 400w, https:\/\/www.paisajesverticales.com\/WP\/wp-content\/uploads\/20150924-DJI_0046-WEB-600x450.jpg 600w, https:\/\/www.paisajesverticales.com\/WP\/wp-content\/uploads\/20150924-DJI_0046-WEB-800x600.jpg 800w, https:\/\/www.paisajesverticales.com\/WP\/wp-content\/uploads\/20150924-DJI_0046-WEB.jpg 1200w\" sizes=\"(min-width: 2200px) 100vw, (min-width: 704px) 390px, (min-width: 672px) 585px, (min-width: 640px) 672px, \" \/><\/a><\/div><\/div><div style=\"padding:5px;\" class=\"fusion-grid-column fusion-gallery-column fusion-gallery-column-3 hover-type-none\"><div class=\"fusion-gallery-image\"><a href=\"https:\/\/www.paisajesverticales.com\/WP\/wp-content\/uploads\/20150918-DJI_0028-WEB.jpg\" rel=\"noreferrer\" data-rel=\"iLightbox[gallery_image_1]\" class=\"fusion-lightbox\" target=\"_self\"><img decoding=\"async\" src=\"https:\/\/www.paisajesverticales.com\/WP\/wp-content\/uploads\/20150918-DJI_0028-WEB.jpg\" width=\"1200\" height=\"900\" alt=\"Paisajes Verticales \u2013 Fotograf\u00eda a\u00e9rea \u2013 PAISAJE Y NATURALEZA (Fla\u00e7\u00e0)\" title=\"Paisajes Verticales \u2013 Fotograf\u00eda a\u00e9rea \u2013 PAISAJE Y NATURALEZA (Fla\u00e7\u00e0)\" aria-label=\"Paisajes Verticales \u2013 Fotograf\u00eda a\u00e9rea \u2013 PAISAJE Y NATURALEZA (Fla\u00e7\u00e0)\" class=\"img-responsive wp-image-1943 fusion-gallery-image-size-fixed\" srcset=\"https:\/\/www.paisajesverticales.com\/WP\/wp-content\/uploads\/20150918-DJI_0028-WEB-200x150.jpg 200w, https:\/\/www.paisajesverticales.com\/WP\/wp-content\/uploads\/20150918-DJI_0028-WEB-400x300.jpg 400w, https:\/\/www.paisajesverticales.com\/WP\/wp-content\/uploads\/20150918-DJI_0028-WEB-600x450.jpg 600w, https:\/\/www.paisajesverticales.com\/WP\/wp-content\/uploads\/20150918-DJI_0028-WEB-800x600.jpg 800w, https:\/\/www.paisajesverticales.com\/WP\/wp-content\/uploads\/20150918-DJI_0028-WEB.jpg 1200w\" sizes=\"(min-width: 2200px) 100vw, (min-width: 704px) 390px, (min-width: 672px) 585px, (min-width: 640px) 672px, \" \/><\/a><\/div><\/div><div class=\"clearfix\"><\/div><\/div><\/div><div class=\"fusion-sep-clear\"><\/div><div class=\"fusion-separator fusion-full-width-sep\" style=\"margin-left: auto;margin-right: auto;margin-top:15px;margin-bottom:15px;width:100%;\"><\/div><div class=\"fusion-sep-clear\"><\/div><div class=\"fusion-text fusion-text-1\"><div style=\"font-size: 26px; line-height: 34px;\">\n<p>Im\u00e1genes en vista de dron de paisajes de mar, monta\u00f1a, medio rural y del patrimonio natural para ilustraci\u00f3n de campa\u00f1as publicitarias y medios editoriales como revistas, libros, carteles, postales, etc. A continuaci\u00f3n puede ver una peque\u00f1a muestra de trabajos publicados.<\/p>\n<p>En nuestro <a title=\"Banco de im\u00e1genes a\u00e9reas en venta\" href=\"https:\/\/www.paisajesverticales.com\/banco-de-imagenes-aereas-en-venta\/\">banco de im\u00e1genes<\/a> tambi\u00e9n puede adquirir fotograf\u00edas ya realizadas.<\/p>\n<\/div>\n<\/div><div class=\"fusion-text fusion-text-2\"><div style=\"font-size: 16px; line-height: 20px;\">\n<p>Visite tambi\u00e9n el <a href=\"https:\/\/www.paisajesverticales.com\/servicios\/\">apartado de servicios<\/a> para ver otros tipos de im\u00e1genes y el resto de nuestros servicios. Y en la <a title=\"Galer\u00eda de trabajos recientes\" href=\"https:\/\/www.paisajesverticales.com\/trabajos-recientes\/\">galer\u00eda de trabajos recientes<\/a> podr\u00e1 ver los trabajos m\u00e1s significativos que vamos realizando.<\/p>\n<p style=\"margin-top: -12px;\">Puede <a class=\"fusion-modal-text-link\" data-toggle=\"modal\" data-target=\".fusion-modal.contacte-ESP\" href=\"#\">ponerse en contacto<\/a> con nosotros para solicitar m\u00e1s informaci\u00f3n o un presupuesto sin compromiso. O bien visitar la <a title=\"P\u00e1gina de tarifas\" href=\"https:\/\/www.paisajesverticales.com\/mas-informacion\/tarifas\/\">p\u00e1gina de tarifas<\/a> para conocer aproximadamente el coste de su proyecto sin necesidad de contactarnos.<\/p>\n<\/div>\n<\/div><div class=\"fusion-clearfix\"><\/div><\/div><\/div><\/div><\/div>\n","protected":false},"excerpt":{"rendered":"","protected":false},"author":1,"featured_media":0,"parent":2957,"menu_order":16,"comment_status":"closed","ping_status":"closed","template":"100-width.php","meta":{"_seopress_robots_primary_cat":"","_seopress_titles_title":"Paisajes Verticales, fotograf\u00eda a\u00e9rea ~ Servicios: im\u00e1genes de paisaje y naturaleza a vista de dron","_seopress_titles_desc":"Im\u00e1genes de paisajes y de naturaleza a vista de dron para ilustraci\u00f3n de medios editoriales y publicidad.","_seopress_robots_index":"","footnotes":""},"class_list":["post-5829","page","type-page","status-publish"],"_links":{"self":[{"href":"https:\/\/www.paisajesverticales.com\/es\/wp-json\/wp\/v2\/pages\/5829","targetHints":{"allow":["GET"]}}],"collection":[{"href":"https:\/\/www.paisajesverticales.com\/es\/wp-json\/wp\/v2\/pages"}],"about":[{"href":"https:\/\/www.paisajesverticales.com\/es\/wp-json\/wp\/v2\/types\/page"}],"author":[{"embeddable":true,"href":"https:\/\/www.paisajesverticales.com\/es\/wp-json\/wp\/v2\/users\/1"}],"replies":[{"embeddable":true,"href":"https:\/\/www.paisajesverticales.com\/es\/wp-json\/wp\/v2\/comments?post=5829"}],"version-history":[{"count":1,"href":"https:\/\/www.paisajesverticales.com\/es\/wp-json\/wp\/v2\/pages\/5829\/revisions"}],"predecessor-version":[{"id":19885,"href":"https:\/\/www.paisajesverticales.com\/es\/wp-json\/wp\/v2\/pages\/5829\/revisions\/19885"}],"up":[{"embeddable":true,"href":"https:\/\/www.paisajesverticales.com\/es\/wp-json\/wp\/v2\/pages\/2957"}],"wp:attachment":[{"href":"https:\/\/www.paisajesverticales.com\/es\/wp-json\/wp\/v2\/media?parent=5829"}],"curies":[{"name":"wp","href":"https:\/\/api.w.org\/{rel}","templated":true}]}}