{"id":2957,"date":"2018-02-24T19:59:15","date_gmt":"2018-02-24T18:59:15","guid":{"rendered":"http:\/\/www.paisajesverticales.com\/?page_id=2957"},"modified":"2025-04-14T17:53:22","modified_gmt":"2025-04-14T15:53:22","slug":"servicios","status":"publish","type":"page","link":"https:\/\/www.paisajesverticales.com\/es\/servicios\/","title":{"rendered":"Servicios"},"content":{"rendered":"<div class=\"fusion-fullwidth fullwidth-box fusion-builder-row-1 nonhundred-percent-fullwidth non-hundred-percent-height-scrolling\" style=\"--awb-border-radius-top-left:0px;--awb-border-radius-top-right:0px;--awb-border-radius-bottom-right:0px;--awb-border-radius-bottom-left:0px;--awb-flex-wrap:wrap;\" ><div class=\"fusion-builder-row fusion-row\"><div class=\"fusion-layout-column fusion_builder_column fusion-builder-column-0 fusion_builder_column_1_1 1_1 fusion-one-full fusion-column-first fusion-column-last\" style=\"--awb-bg-size:cover;\"><div class=\"fusion-column-wrapper fusion-flex-column-wrapper-legacy\"><div class=\"fusion-title title fusion-title-1 fusion-sep-none fusion-title-text fusion-title-size-one\"><h1 class=\"fusion-title-heading title-heading-left fusion-responsive-typography-calculated\" style=\"margin:0;--fontSize:34;line-height:1.3;\">Servicios<\/h1><\/div><div class=\"fusion-text fusion-text-1\"><p>Paisajes Verticales<sup style=\"font-size: 9px;\">\u00ae<\/sup> presta servicios a\u00e9reos audiovisuales como:<\/p>\n<ul>\n<li style=\"list-style-type: none;\">\n<ul>\n<li><a title=\"Fotografia y v\u00eddeo a\u00e9reo para promoci\u00f3n tur\u00edstica\" href=\"https:\/\/www.paisajesverticales.com\/servicios\/fotografia-y-video-aereo-para-promocion-turistica\/\">Reportajes fotogr\u00e1ficos a\u00e9reos para promoci\u00f3n tur\u00edstica<\/a><\/li>\n<li><a title=\"Im\u00e1genes de paisaje y naturaleza a vista de dron\" href=\"https:\/\/www.paisajesverticales.com\/servicios\/imagenes-de-paisaje-y-naturaleza-a-vista-de-dron\/\">Im\u00e1genes de paisaje y naturaleza a vista de dron<\/a><\/li>\n<li><a title=\"Fotograf\u00edas a vista de dron para el sector inmobiliario\" href=\"https:\/\/www.paisajesverticales.com\/servicios\/fotografias-a-vista-de-dron-para-el-sector-inmobiliario\/\">Fotograf\u00edas a vista de dron para el sector inmobiliario<\/a><\/li>\n<li><a title=\"Im\u00e1gen a\u00e9rea para industria, ingenier\u00eda y construcci\u00f3n\" href=\"https:\/\/www.paisajesverticales.com\/servicios\/imagen-aerea-para-industria-ingenieria-y-construccion\/\">Im\u00e1gen a\u00e9rea para industria, ingenier\u00eda y construcci\u00f3n<\/a><\/li>\n<li><a title=\"Documentaci\u00f3n gr\u00e1fica del patrimonio hist\u00f3rico\" href=\"https:\/\/www.paisajesverticales.com\/servicios\/documentacion-fotografica-del-patrimonio-historico\/\">Documentaci\u00f3n fotogr\u00e1fica del patrimonio hist\u00f3rico<\/a><\/li>\n<li><a title=\"Reportajes audiovisuales con dron para deportes y eventos\" href=\"https:\/\/www.paisajesverticales.com\/servicios\/reportajes-audiovisuales-con-dron-para-deportes-y-eventos\/\">Reportajes audiovisuales con dron para deportes y eventos<\/a><\/li>\n<li><a title=\"Observaci\u00f3n a\u00e9rea para el \u00e1mbito agr\u00edcola y forestal\" href=\"https:\/\/www.paisajesverticales.com\/servicios\/observacion-aerea-para-el-ambito-agricola-y-forestal\/\">Observaci\u00f3n a\u00e9rea para el \u00e1mbito agr\u00edcola y forestal<\/a><\/li>\n<\/ul>\n<\/li>\n<\/ul>\n<p>Asimismo, podemos realizar trabajos fotogr\u00e1ficos especiales, como timelapses a\u00e9reos, fotograf\u00edas panor\u00e1micas de 180\u00ba desde el aire, gigafotograf\u00edas, etc.\u00a0<\/p>\n<p>Disponemos de varios equipos, pudiendo ofrecer una resoluci\u00f3n de im\u00e1gen de hasta 24 Mpx en las fotograf\u00edas y de 4K en el v\u00eddeo. Disponemos de bater\u00edas suficientes para disfrutar de una autonom\u00eda de vuelo de m\u00e1s de 2 horas. Tambi\u00e9n contamos con brazos basculantes y p\u00e9rtigas de hasta 5 metros para hacer filmaci\u00f3n y fotograf\u00eda en aquellos lugares donde no se pueda volar con un dron.<\/p>\n<p>Como profesionales con muchos a\u00f1os de experiencia en fotograf\u00eda tradicional, podemos realizar tambi\u00e9n trabajos no a\u00e9reos sobre arquitectura e interiores. fotograf\u00eda publicitaria, fotograf\u00eda industrial, etc.\u00a0<\/p>\n<p><a href=\"https:\/\/www.paisajesverticales.com\/mas-informacion\/tarifas\/\">Consulte nuestras tarifas<\/a> o bien <a class=\"fusion-modal-text-link\" data-toggle=\"modal\" data-target=\".fusion-modal.contacte-ESP\" href=\"#\">p\u00eddanos un presupuesto<\/a> sin compromiso.<\/p>\n<\/div><div class=\"fusion-clearfix\"><\/div><\/div><\/div><\/div><\/div>\n","protected":false},"excerpt":{"rendered":"","protected":false},"author":1,"featured_media":0,"parent":0,"menu_order":4,"comment_status":"closed","ping_status":"closed","template":"100-width.php","meta":{"_seopress_robots_primary_cat":"","_seopress_titles_title":"Paisajes Verticales, fotograf\u00eda a\u00e9rea ~ Servicios","_seopress_titles_desc":"Servicios audiovisuales a\u00e9reos prestados por Paisajes Verticales, empresa operadora de drones ubicada en Girona.","_seopress_robots_index":"","footnotes":""},"class_list":["post-2957","page","type-page","status-publish"],"_links":{"self":[{"href":"https:\/\/www.paisajesverticales.com\/es\/wp-json\/wp\/v2\/pages\/2957","targetHints":{"allow":["GET"]}}],"collection":[{"href":"https:\/\/www.paisajesverticales.com\/es\/wp-json\/wp\/v2\/pages"}],"about":[{"href":"https:\/\/www.paisajesverticales.com\/es\/wp-json\/wp\/v2\/types\/page"}],"author":[{"embeddable":true,"href":"https:\/\/www.paisajesverticales.com\/es\/wp-json\/wp\/v2\/users\/1"}],"replies":[{"embeddable":true,"href":"https:\/\/www.paisajesverticales.com\/es\/wp-json\/wp\/v2\/comments?post=2957"}],"version-history":[{"count":0,"href":"https:\/\/www.paisajesverticales.com\/es\/wp-json\/wp\/v2\/pages\/2957\/revisions"}],"wp:attachment":[{"href":"https:\/\/www.paisajesverticales.com\/es\/wp-json\/wp\/v2\/media?parent=2957"}],"curies":[{"name":"wp","href":"https:\/\/api.w.org\/{rel}","templated":true}]}}