{"id":1285,"date":"2017-06-12T13:21:15","date_gmt":"2017-06-12T11:21:15","guid":{"rendered":"https:\/\/www.paisajesverticales.com\/?page_id=1285\/"},"modified":"2020-12-07T14:16:12","modified_gmt":"2020-12-07T13:16:12","slug":"la-empresa","status":"publish","type":"page","link":"https:\/\/www.paisajesverticales.com\/es\/mas-informacion\/la-empresa\/","title":{"rendered":"La empresa"},"content":{"rendered":"<div class=\"fusion-fullwidth fullwidth-box fusion-builder-row-1 nonhundred-percent-fullwidth non-hundred-percent-height-scrolling\" style=\"--awb-border-radius-top-left:0px;--awb-border-radius-top-right:0px;--awb-border-radius-bottom-right:0px;--awb-border-radius-bottom-left:0px;--awb-flex-wrap:wrap;\" ><div class=\"fusion-builder-row fusion-row\"><div class=\"fusion-layout-column fusion_builder_column fusion-builder-column-0 fusion_builder_column_1_1 1_1 fusion-one-full fusion-column-first fusion-column-last\" style=\"--awb-bg-size:cover;\"><div class=\"fusion-column-wrapper fusion-flex-column-wrapper-legacy\"><div class=\"fusion-title title fusion-title-1 fusion-sep-none fusion-title-text fusion-title-size-one\"><h1 class=\"fusion-title-heading title-heading-left fusion-responsive-typography-calculated\" style=\"margin:0;--fontSize:34;line-height:1.3;\">La empresa<\/h1><\/div><div class=\"fusion-text fusion-text-1\"><p>Paisajes Verticales<sup style=\"font-size: 9px;\">\u00ae<\/sup> es una empresa operadora de drones de hasta 25kg. habilitada por la Agencia Estatal de Seguridad A\u00e9rea, AESA, para:<\/p>\n<ul>\n<li>Fotograf\u00eda, filmaciones y levantamientos a\u00e9reos<\/li>\n<li>Observaci\u00f3n y vigilancia a\u00e9rea<\/li>\n<\/ul>\n<p>Es la <strong><a href=\"https:\/\/www.paisajesverticales.com\/novedades-sobre-fotografia-y-video-aereo-con-drones\/paisajes-verticales-primera-empresa-de-girona-autorizada-para-volar-en-ciudad-y-en-las-cercanias-de-aeropuertos\/\">primera y \u00fanica empresa de Girona autorizada<\/a><\/strong> a volar con dron fotogr\u00e1fico sobre ciudades y en las cercan\u00edas de aeropuertos.<\/p>\n<p>Paisajes Verticales<sup style=\"font-size: 9px;\">\u00ae<\/sup> es un servicio de la empresa <a title=\"Estudi Vaqu\u00e9, disseny i fotograf\u00eda\" href=\"https:\/\/www.estudivaque.com\" target=\"_blank\" rel=\"noopener noreferrer\">Estudi Vaqu\u00e9, fotograf\u00eda y dise\u00f1o<\/a>, en activo desde 1987.\u00a0<\/p>\n<p>Estamos ubicados en Girona y operamos de forma habitual en toda Catalunya, aunque hemos realizado trabajos fotogr\u00e1ficos en diversos puntos del territorio espa\u00f1ol y otros paises de la Uni\u00f3n Europea.<\/p>\n<p>Somos miembros de <a href=\"http:\/\/cataloniadrones.cat\/?page_id=8006\" target=\"_blank\" rel=\"noopener noreferrer\">Catalonia SmartDrones<\/a>, <a href=\"https:\/\/www.aedron.com\" target=\"_blank\" rel=\"noopener noreferrer\">AEDRON Asociaci\u00f3n Espa\u00f1ola de Drones<\/a>, <a href=\"http:\/\/www.sepla.es\" target=\"_blank\" rel=\"noopener noreferrer\">SEPLA Sindicato de Pilotos de L\u00edneas A\u00e9reas<\/a>,\u00a0<a href=\"http:\/\/www.digitalsgirona.org\" target=\"_blank\" rel=\"noopener noreferrer\">Asociaci\u00f3n Digitals Girona<\/a> y <a href=\"http:\/\/clusterecommerce.com\" target=\"_blank\" rel=\"noopener noreferrer\">Cl\u00faster Ecommerce<\/a>.<\/p>\n<p>Tambi\u00e9n nos encontrar\u00e1 en <a title=\"Paisajes Verticales en Youtube\" href=\"https:\/\/www.youtube.com\/channel\/UCX6ccpMLTpWmES4hVeMw8mw\" target=\"_blank\" rel=\"noopener noreferrer\">Youtube<\/a>, en\u00a0 <a title=\"Paisajes Verticales en Facebook\" href=\"https:\/\/www.facebook.com\/PaisatgesVerticals\" target=\"_blank\" rel=\"noopener noreferrer\">Facebook<\/a>, en <a title=\"Paisajes Verticales en Linkedin\" href=\"https:\/\/www.linkedin.com\/company\/paisajes-verticales\" target=\"_blank\" rel=\"noopener noreferrer\">Linkedin<\/a>, en\u00a0 <a title=\"Paisajes Verticales en Twitter\" href=\"https:\/\/twitter.com\/PaisatgesV\" target=\"_blank\" rel=\"noopener noreferrer\">Twitter<\/a>, en <a title=\"Paisajes Verticales en Instagram\" href=\"https:\/\/www.instagram.com\/paisatgesverticals\" target=\"_blank\" rel=\"noopener noreferrer\">Instagram<\/a>\u00a0y en <a title=\"Paisajes Verticales en Pinterest\" href=\"https:\/\/www.pinterest.es\/paisajesverticales\" target=\"_blank\" rel=\"noopener noreferrer\">Pinterest.<\/a><\/p>\n<\/div><div class=\"fusion-sep-clear\"><\/div><div class=\"fusion-separator fusion-full-width-sep\" style=\"margin-left: auto;margin-right: auto;margin-top:20px;margin-bottom:25px;width:100%;\"><div class=\"fusion-separator-border sep-single sep-solid\" style=\"--awb-height:20px;--awb-amount:20px;--awb-sep-color:rgba(0,158,186,0.3);border-color:rgba(0,158,186,0.3);border-top-width:1px;\"><\/div><\/div><div class=\"fusion-sep-clear\"><\/div><div class=\"fusion-menu-anchor\" id=\"clients\"><\/div><div class=\"fusion-title title fusion-title-2 fusion-sep-none fusion-title-text fusion-title-size-one\"><h1 class=\"fusion-title-heading title-heading-left fusion-responsive-typography-calculated\" style=\"margin:0;--fontSize:34;line-height:1.3;\">Clientes<\/h1><\/div><div class=\"fusion-text fusion-text-2\"><p>Trabajamos habitualmente para empresas del sector tur\u00edstico como hoteles o campings,\u00a0 gabinetes de arquitectura, empresas de ingenier\u00eda y construcci\u00f3n, inmobiliarias, administraciones p\u00fablicas, universidad, etc.\u00a0Tambi\u00e9n colaboramos con otros colegas del sector audiovisual, como agencias de publicidad y productoras de cine.<\/p>\n<\/div><div class=\"fusion-builder-row fusion-builder-row-inner fusion-row\"><div class=\"fusion-layout-column fusion_builder_column_inner fusion-builder-nested-column-0 fusion_builder_column_inner_1_2 1_2 fusion-one-half fusion-column-first\" style=\"--awb-bg-size:cover;--awb-margin-top:-15px;width:50%;width:calc(50% - ( ( 4% ) * 0.5 ) );margin-right: 4%;\"><div class=\"fusion-column-wrapper fusion-flex-column-wrapper-legacy\"><div class=\"fusion-text fusion-text-3\"><ul style=\"list-style-type: square; font-size: 18px;\">\n<li>Ayuntamiento de La Bisbal d&#8217;Empord\u00e0<\/li>\n<li>Ayuntamiento de Palafrugell<\/li>\n<li>Camping Playa Brava<\/li>\n<li>Camping Benelux<\/li>\n<li>Consell Comarcal de La Selva<\/li>\n<li>Diputaci\u00f3 de Girona<\/li>\n<li>Editorial Escudo de Oro<\/li>\n<li>Fitor Forestal<\/li>\n<li>Formes Modernes, inmobiliaria<\/li>\n<li>Guinox Construcciones Mec\u00e1nicas<\/li>\n<li>Hotel La Torre de Calella de Palafrugell<\/li>\n<li>Housing Costa Brava, inmobiliaria<\/li>\n<li>Idealista, inmobiliaria<\/li>\n<li>Incovi, construcciones sostenibles<\/li>\n<\/ul>\n<\/div><div class=\"fusion-clearfix\"><\/div><\/div><\/div><div class=\"fusion-layout-column fusion_builder_column_inner fusion-builder-nested-column-1 fusion_builder_column_inner_1_2 1_2 fusion-one-half fusion-column-last\" style=\"--awb-bg-size:cover;--awb-margin-top:-15px;width:50%;width:calc(50% - ( ( 4% ) * 0.5 ) );\"><div class=\"fusion-column-wrapper fusion-flex-column-wrapper-legacy\"><div class=\"fusion-text fusion-text-4\"><ul style=\"list-style-type: square; font-size: 18px;\">\n<li>Interhome,\u00a0inmobiliaria<\/li>\n<li>International SOS Europe<\/li>\n<li>K-Line, perfiles de aluminio<\/li>\n<li>Latent Estudi, fotograf\u00eda<\/li>\n<li>Lucas Fox, inmobiliaria<\/li>\n<li>Turisme rural Les Carolines<\/li>\n<li>Node Garraf, Ag\u00e8ncia de desenvolupament<\/li>\n<li>Observatori del Paisatge<\/li>\n<li>Plasticband, fabricaci\u00f3n de embalajes<\/li>\n<li>Peratallada Residencial<\/li>\n<li>Radresa Advocats<\/li>\n<li>The Kiwi Homes, casas modulares prefabricadas<\/li>\n<li>Trio de Doses, producciones audiovisuales<\/li>\n<li>Universitat de Girona, Facultad de Turismo<\/li>\n<\/ul>\n<\/div><div class=\"fusion-clearfix\"><\/div><\/div><\/div><\/div><div class=\"fusion-sep-clear\"><\/div><div class=\"fusion-separator fusion-full-width-sep\" style=\"margin-left: auto;margin-right: auto;margin-top:20px;margin-bottom:25px;width:100%;\"><div class=\"fusion-separator-border sep-single sep-solid\" style=\"--awb-height:20px;--awb-amount:20px;--awb-sep-color:rgba(0,158,186,0.3);border-color:rgba(0,158,186,0.3);border-top-width:1px;\"><\/div><\/div><div class=\"fusion-sep-clear\"><\/div><div class=\"fusion-text fusion-text-5\"><p>Asimismo, colaboramos con las principales agencias fotogr\u00e1ficas del mundo, mediante las cuales publicamos nuestras fotograf\u00edas en los cinco continentes:<\/p>\n<ul style=\"list-style-type: square;\">\n<li><a href=\"https:\/\/www.shutterstock.com\/es\/g\/RicardVaque\/sets\/\" target=\"_blank\" rel=\"noopener noreferrer\">Shutterstock<\/a><\/li>\n<li><a href=\"https:\/\/creativemarket.com\/users\/PaisatgesVerticals#collections\" target=\"_blank\" rel=\"noopener noreferrer\">Creative Market<\/a><\/li>\n<li><a href=\"https:\/\/stock.adobe.com\/es\/contributor\/204529950\/Paisatges%20Verticals\" target=\"_blank\" rel=\"noopener noreferrer\">Adobe Stock<\/a><\/li>\n<li><a href=\"https:\/\/www.gettyimages.es\/search\/photographer?assettype=image&amp;photographer=Estudi%20Vaqu\u00e9&amp;sort=mostpopular\" target=\"_blank\" rel=\"noopener noreferrer\">Getty Images<\/a><\/li>\n<\/ul>\n<\/div><div class=\"fusion-clearfix\"><\/div><\/div><\/div><\/div><\/div>\n","protected":false},"excerpt":{"rendered":"","protected":false},"author":1,"featured_media":0,"parent":4820,"menu_order":38,"comment_status":"closed","ping_status":"closed","template":"100-width.php","meta":{"_seopress_robots_primary_cat":"","_seopress_titles_title":"Paisajes Verticales, fotograf\u00eda a\u00e9rea ~ La empresa","_seopress_titles_desc":"M\u00e1s informaci\u00f3n sobre Paisajes Verticales, empresa operadora de drones para servicios a\u00e9reos audiovisuales ubicada en Girona.","_seopress_robots_index":"","footnotes":""},"class_list":["post-1285","page","type-page","status-publish"],"_links":{"self":[{"href":"https:\/\/www.paisajesverticales.com\/es\/wp-json\/wp\/v2\/pages\/1285","targetHints":{"allow":["GET"]}}],"collection":[{"href":"https:\/\/www.paisajesverticales.com\/es\/wp-json\/wp\/v2\/pages"}],"about":[{"href":"https:\/\/www.paisajesverticales.com\/es\/wp-json\/wp\/v2\/types\/page"}],"author":[{"embeddable":true,"href":"https:\/\/www.paisajesverticales.com\/es\/wp-json\/wp\/v2\/users\/1"}],"replies":[{"embeddable":true,"href":"https:\/\/www.paisajesverticales.com\/es\/wp-json\/wp\/v2\/comments?post=1285"}],"version-history":[{"count":0,"href":"https:\/\/www.paisajesverticales.com\/es\/wp-json\/wp\/v2\/pages\/1285\/revisions"}],"up":[{"embeddable":true,"href":"https:\/\/www.paisajesverticales.com\/es\/wp-json\/wp\/v2\/pages\/4820"}],"wp:attachment":[{"href":"https:\/\/www.paisajesverticales.com\/es\/wp-json\/wp\/v2\/media?parent=1285"}],"curies":[{"name":"wp","href":"https:\/\/api.w.org\/{rel}","templated":true}]}}