{"id":6513,"date":"2019-02-08T23:39:22","date_gmt":"2019-02-08T22:39:22","guid":{"rendered":"https:\/\/www.paisajesverticales.com\/?page_id=6513"},"modified":"2019-05-27T22:11:38","modified_gmt":"2019-05-27T20:11:38","slug":"legal-notes","status":"publish","type":"page","link":"https:\/\/www.paisajesverticales.com\/en\/more-information\/legal-notes\/","title":{"rendered":"Legal notes"},"content":{"rendered":"<div class=\"fusion-fullwidth fullwidth-box fusion-builder-row-1 nonhundred-percent-fullwidth non-hundred-percent-height-scrolling\" style=\"--awb-border-radius-top-left:0px;--awb-border-radius-top-right:0px;--awb-border-radius-bottom-right:0px;--awb-border-radius-bottom-left:0px;--awb-flex-wrap:wrap;\" ><div class=\"fusion-builder-row fusion-row\"><div class=\"fusion-layout-column fusion_builder_column fusion-builder-column-0 fusion_builder_column_1_1 1_1 fusion-one-full fusion-column-first fusion-column-last\" style=\"--awb-bg-size:cover;\"><div class=\"fusion-column-wrapper fusion-flex-column-wrapper-legacy\"><div class=\"fusion-title title fusion-title-1 fusion-sep-none fusion-title-text fusion-title-size-one\"><h1 class=\"fusion-title-heading title-heading-left fusion-responsive-typography-calculated\" style=\"margin:0;--fontSize:34;line-height:1.3;\">Legal notes<\/h1><\/div><div class=\"fusion-sep-clear\"><\/div><div class=\"fusion-separator fusion-full-width-sep\" style=\"margin-left: auto;margin-right: auto;margin-top:20px;margin-bottom:25px;width:100%;\"><div class=\"fusion-separator-border sep-single sep-solid\" style=\"--awb-height:20px;--awb-amount:20px;--awb-sep-color:rgba(0,158,186,0.3);border-color:rgba(0,158,186,0.3);border-top-width:1px;\"><\/div><\/div><div class=\"fusion-sep-clear\"><\/div><div class=\"fusion-title title fusion-title-2 fusion-sep-none fusion-title-text fusion-title-size-two\"><h2 class=\"fusion-title-heading title-heading-left fusion-responsive-typography-calculated\" style=\"margin:0;--fontSize:25;line-height:1.4;\">Identificaci\u00f3n de la empresa<\/h2><\/div><div class=\"fusion-text fusion-text-1\"><p>Paisajes Verticales<sup style=\"font-size: 9px;\">\u00ae<\/sup> es una marca registrada. <br \/>\nEs un servicio de <a href=\"http:\/\/www.estudivaque.com\" target=\"_blank\" rel=\"noopener noreferrer\">Estudi Vaqu\u00e9, fotograf\u00eda y dise\u00f1o<\/a><br \/>\nEmpresa operadora habilitada por la Agencia Estatal de Seguridad A\u00e9rea con el registro &#8220;Ricard Vaque (Paisajes Verticales)&#8221;<br \/>\nDenominaci\u00f3n fiscal: Ricard Vaqu\u00e9 T\u00e1boas<br \/>\nNIF 77999336B<br \/>\nDirecci\u00f3n: NEXES Centre de Negocis &#8211; C. dels Oms, 10 &#8211; 17111 Vulpellac (Baix Empord\u00e0)<br \/>\nCorreo electr\u00f3nico: info-at-paisajesverticales-punto-com<\/p>\n<\/div><div class=\"fusion-sep-clear\"><\/div><div class=\"fusion-separator fusion-full-width-sep\" style=\"margin-left: auto;margin-right: auto;margin-top:10px;margin-bottom:15px;width:100%;\"><div class=\"fusion-separator-border sep-single sep-solid\" style=\"--awb-height:20px;--awb-amount:20px;--awb-sep-color:rgba(0,158,186,0.3);border-color:rgba(0,158,186,0.3);border-top-width:1px;\"><\/div><\/div><div class=\"fusion-sep-clear\"><\/div><div class=\"fusion-title title fusion-title-3 fusion-sep-none fusion-title-text fusion-title-size-two\"><h2 class=\"fusion-title-heading title-heading-left fusion-responsive-typography-calculated\" style=\"margin:0;--fontSize:25;line-height:1.4;\">Protecci\u00f3n de datos<\/h2><\/div><div class=\"fusion-text fusion-text-2\"><div class=\"site-container\">\n<div class=\"site-inner\">\n<div class=\"content-sidebar-wrap\"><main id=\"genesis-content\" class=\"content\"><\/p>\n<article class=\"post-1570 page type-page status-publish entry\">\n<header class=\"entry-header\">\n<h3 class=\"entry-title\">Pol\u00edtica de privacidad<\/h3>\n<\/header>\n<div class=\"entry-content\">\n<ul>\n<li>Nunca solicitaremos informaci\u00f3n personal a menos que realmente sea necesaria para prestarte los servicios que nos requiera.<\/li>\n<li>Nunca compartiremos informaci\u00f3n personal de nuestros usuarios con terceros, excepto para cumplir con una orden judicial.<\/li>\n<li>Nunca utilizaremos sus datos con una finalidad diferente a la expresada en esta pol\u00edtica de privacidad.<\/li>\n<li>En ning\u00fan caso se recabar\u00e1n datos de menores de edad ni, a trav\u00e9s de ellos, de los miembros de su familia.<\/li>\n<li>Nunca venderemos, alquilaremos, ni cederemos datos que puedan identificar a los usuarios a terceros.<\/li>\n<li>En los casos en que realicemos trabajos con la colaboraci\u00f3n de otros profesionales y sea necesario informarles sobre los datos del usuario, se solicitar\u00e1 su consentimiento\u00a0 informando sobre la identidad del colaborador y la finalidad de la colaboraci\u00f3n.\u00a0<\/li>\n<\/ul>\n<h3>Principios que aplicaremos a sus datos<\/h3>\n<ul>\n<li>Principio de licitud, lealtad y transparencia. En todos nuestros newsletters y formularios requeriremos su consentimiento para el tratamiento de tus datos personales y les facilitaremos el canal para modificarlos o eliminarlos.<\/li>\n<li>Principio de minimizaci\u00f3n de datos: solo solicitaremos los datos estrictamente necesarios en relaci\u00f3n a los fines para los que los que se requieran.<\/li>\n<li>Principio de limitaci\u00f3n del plazo de conservaci\u00f3n: los datos ser\u00e1n mantenidos durante no m\u00e1s tiempo del necesario para los fines del tratamiento o bien hasta que usted\/su organizaci\u00f3n requiera su eliminaci\u00f3n.<\/li>\n<li>Principio de integridad y confidencialidad: sus datos ser\u00e1n tratados de tal manera que se garantice una seguridad adecuada y se garantice su confidencialidad. Implementamos las medidas t\u00e9cnicas y organizativas de seguridad establecidas en la legislaci\u00f3n vigente.<\/li>\n<li>Revocabilidad: el consentimiento prestado, tanto para el tratamiento como para la cesi\u00f3n de los datos de los interesados, es revocable en cualquier momento mediante comunicaci\u00f3n con nosotros. Esta revocaci\u00f3n en ning\u00fan caso tendr\u00e1 car\u00e1cter retroactivo.<\/li>\n<\/ul>\n<h3>\u00bfDe d\u00f3nde proceden los datos de qu\u00e9 disponemos?<\/h3>\n<ul>\n<li>Usted o un empleado de su organizaci\u00f3n envi\u00f3 un formulario de contacto desde esta web o desde la web hermana www.estudivaque.com<\/li>\n<li>Usted o un empleado de su organizaci\u00f3n contact\u00f3 personalmente con nosotros.<\/li>\n<li>Usted o un empleado de su organizaci\u00f3n contact\u00f3 con nosotros via e-mail, tel\u00e9fono, o servicio de mensajer\u00eda tipo whatsapp, skype o similar.<\/li>\n<li>Sus datos son p\u00fablicos en la p\u00e1gina web de su empresa\/organizaci\u00f3n.<\/li>\n<li>Sus datos est\u00e1n publicados en alguna edici\u00f3n comercial impresa (revistas, cat\u00e1logos y similares).<\/li>\n<li>Sus datos son p\u00fablicos en alg\u00fan portal web especializado y p\u00fablico (directorios inmobiliarios, directorios tur\u00edsticos, colegios profesionales, c\u00e1maras de comercio y similares).<\/li>\n<\/ul>\n<h3>\u00bfCu\u00e1les son sus derechos despu\u00e9s de facilitarnos sus datos?<\/h3>\n<ul>\n<li>Obtener confirmaci\u00f3n sobre si estamos o no tratando datos personales que le conciernan.<\/li>\n<li>Solicitar el acceso a sus datos.<\/li>\n<li>Solicitar la rectificaci\u00f3n o supresi\u00f3n de sus datos.<\/li>\n<li>Solicitar la limitaci\u00f3n de su tratamiento.<\/li>\n<li>Oponerse al tratamiento de sus datos.<\/li>\n<li>Solicitar la portabilidad de sus datos.<\/li>\n<\/ul>\n<p>Los interesados podr\u00e1n acceder a sus datos personales desde el enlace que les facilitaremos cuando nos lo solicite, o bien desde el enlace incorporado en todos nuestros newsletters.<\/p>\n<h3>\u00bfCon qu\u00e9 finalidad tratamos sus datos?<\/h3>\n<ul>\n<li>Garantizar el cumplimiento de las condiciones de uso y la ley aplicable. Esto puede incluir el desarrollo de herramientas y algoritmos que ayudan a esta web a garantizar la confidencialidad de los datos personales que recoge.<\/li>\n<li>Apoyar y mejorar los servicios que ofrece esta web.<\/li>\n<li>Gestionar correctamente las conexiones entre usted o su organizaci\u00f3n y nosotros en la redes sociales.<\/li>\n<li>Informarle sobre novedades importantes de nuestra empresa.<\/li>\n<li>Mantener una relaci\u00f3n comercial\/profesional segura y fiable entre usted\/su organizaci\u00f3n y nosotros.<\/li>\n<\/ul>\n<h3>Categor\u00eda de datos<\/h3>\n<ul>\n<li>Las categor\u00edas de datos que se tratan son datos identificativos.<\/li>\n<li>No se tratan categor\u00edas de datos especialmente protegidos.<\/li>\n<li>Tambi\u00e9n se recogen otros datos no identificativos mediante cookies (ver apartado Pol\u00edtica de cookies m\u00e1s adelante, en esta p\u00e1gina).<\/li>\n<\/ul>\n<h3>Secreto y seguridad de los datos<\/h3>\n<p>T\u00e9cnicamente, varias empresas tienen acceso a sus datos, pero no est\u00e1n autorizados a ello, por lo que se tratar\u00eda de accesos il\u00edcitos:<\/p>\n<ul>\n<li>La empresa donde se aloja esta web, la web hermana www.estudivaque.com y sus correspondientes bases de datos.<\/li>\n<li>La empresa que presta el servicio de correo electr\u00f3nico de paisajesverticales.com, paisatgesverticals.cat y estudivaque.com<\/li>\n<li>La empresa que presta el servicio de env\u00edo de newsletters.<\/li>\n<\/ul>\n<p>Facilitaremos los datos de estas empresas en caso de cualquier duda de orden legal.<\/p>\n<\/div>\n<div class=\"entry-content\">\n<p>Esta web incluye un certificado SSL, un protocolo de seguridad que permite que tus datos se transmitan encriptados por la red. Sin embargo, no podemos garantizar la absoluta inexpugnabilidad de estas transmisiones y por tanto la violaci\u00f3n de los datos mediante accesos fraudulentos por parte de terceros.<\/p>\n<h3>Cambios en la pol\u00edtica de privacidad<\/h3>\n<p>La presente pol\u00edtica puede ser modificada en cualquier momento para adaptarla a novedades legislativas o jurisprudenciales. En dichos supuestos anunciaremos en esta misma p\u00e1gina los cambios introducidos con razonable antelaci\u00f3n a su puesta en pr\u00e1ctica.<\/p>\n<h3>Aceptaci\u00f3n y consentimiento<\/h3>\n<p>El usuario declara haber sido informado de las condiciones sobre protecci\u00f3n de datos de car\u00e1cter personal, aceptando y consintiendo el tratamiento de los mismos por parte de Ricard Vaqu\u00e9 T\u00e1boas en la forma y para las finalidades indicadas en esta pol\u00edtica de privacidad.<\/p>\n<\/div>\n<\/article>\n<p><\/main><\/div>\n<\/div>\n<\/div>\n<\/div><div class=\"fusion-sep-clear\"><\/div><div class=\"fusion-separator fusion-full-width-sep\" style=\"margin-left: auto;margin-right: auto;margin-top:10px;margin-bottom:15px;width:100%;\"><div class=\"fusion-separator-border sep-single sep-solid\" style=\"--awb-height:20px;--awb-amount:20px;--awb-sep-color:rgba(0,158,186,0.3);border-color:rgba(0,158,186,0.3);border-top-width:1px;\"><\/div><\/div><div class=\"fusion-sep-clear\"><\/div><div class=\"fusion-title title fusion-title-4 fusion-sep-none fusion-title-text fusion-title-size-one\"><h1 class=\"fusion-title-heading title-heading-left fusion-responsive-typography-calculated\" style=\"margin:0;--fontSize:34;line-height:1.3;\">Pol\u00edtica de cookies<\/h1><\/div><div class=\"fusion-text fusion-text-3\"><p>Una cookie es un archivo que se almacena en el ordenador del usuario, smartphone o cualquier otro dispositivo con informaci\u00f3n sobre la navegaci\u00f3n. El conjunto de cookies ayuda a mejorar la calidad del sitio web, permitiendo controlar qu\u00e9 p\u00e1ginas son \u00fatiles, cu\u00e1les no y cu\u00e1les son susceptibles de mejora.<\/p>\n<p>Las cookies son esenciales para el funcionamiento de Internet, aportando innumerables ventajas en la prestaci\u00f3n de servicios interactivos, facilitando la navegaci\u00f3n y usabilidad de nuestra web. En ning\u00fan caso las cookies son perjudiciales para los equipos, sino que ayudan, entre otras finalidades, a identificar y resolver los errores.<\/p>\n<h2>Tipos de cookie<\/h2>\n<h3>Seg\u00fan la entidad que las gestiona:<\/h3>\n<ul>\n<li><strong>Cookies propias<\/strong>: las que se env\u00edan al equipo terminal del usuario desde un equipo o dominio gestionado por el propio editor y desde el que se presta el servicio solicitado por el usuario.<\/li>\n<li><strong>Cookies de terceros:\u00a0<\/strong>las que se env\u00edan al equipo terminal del usuario desde un equipo o dominio que no es gestionado por el editor, sino por otra entidad que trabaja los datos obtenidos a trav\u00e9s de las cookies.<\/li>\n<\/ul>\n<h3>Seg\u00fan el plazo de tiempo que permanecen activadas:<\/h3>\n<ul>\n<li><strong>Cookies de sesi\u00f3n<\/strong>: cookies temporales que permanecen en el archivo de su navegador hasta que se abandona la p\u00e1gina web.<\/li>\n<li><strong>Cookies permanentes<\/strong>: son almacenadas en el disco duro y nuestra p\u00e1gina web las lee cada vez que se realiza una nueva visita.<\/li>\n<\/ul>\n<h3>Seg\u00fan su finalidad:<\/h3>\n<ul>\n<li><strong>Cookies t\u00e9cnicas<\/strong>: estrictamente necesarias para el uso del sitio y para la prestaci\u00f3n del servicio.<\/li>\n<li><strong>Cookies anal\u00edticas<\/strong>: almacenan informaci\u00f3n sobre la actividad de los usuarios en una p\u00e1gina web. La informaci\u00f3n recogida se utiliza para elaborar perfiles de navegaci\u00f3n para optimizar los servicios ofrecidos.<\/li>\n<li><strong>Cookies de personalizaci\u00f3n<\/strong>: permiten acceder al servicio con unas caracter\u00edsticas predefinidas en funci\u00f3n de una serie de criterios, como por ejemplo el idioma, el tipo de navegador a trav\u00e9s del cual se accede al servicio, la configuraci\u00f3n regional desde donde se accede el servicio, etc \u2026<\/li>\n<li><strong>Cookies de afiliados<\/strong>: hacen el seguimiento de las visitas procedentes de webs con las que un site ha establecido un contrato de afiliaci\u00f3n.<\/li>\n<\/ul>\n<h2>\u00a0<strong>\u00bfQu\u00e9 tipos de cookies utiliza esta p\u00e1gina web?<\/strong><\/h2>\n<p>Lascookies que usamos en paisajesverticales.com y paisatgesverticals.cat no pueden ser utilizadas para identificar de forma personal al usuario de estas webs.<\/p>\n<ul>\n<li><strong>_ga<\/strong> (Google Analytics). Recoge informaci\u00f3n an\u00f3nima de la navegaci\u00f3n de los visitantes a efectos estad\u00edsticos. Expira: 2 a\u00f1os.<\/li>\n<li><strong>_gid<\/strong> (Google Analytics). Recoge informaci\u00f3n an\u00f3nima de la navegaci\u00f3n de los visitantes a efectos estad\u00edsticos. Expira: 24 horas.<\/li>\n<li><strong>_icl_current_language<\/strong>. Contiene el valor del idioma del sitio web. Expira: 24 horas.<\/li>\n<li><strong>autoptimize_feed<\/strong>. Contiene c\u00f3digo para optimizar la carga de la p\u00e1gina. Expira: 30 dias.<\/li>\n<li><strong>__zlcmid. <\/strong>Contiene c\u00f3digo para optimizar la carga de la p\u00e1gina. Expira: 30 dias.<\/li>\n<li><strong>wordpress_logged_in<\/strong>. Se activa durante el login y guarda los detalles de autentificaci\u00f3n. Expira: sesi\u00f3n (al cerrar el navegador).<\/li>\n<li><strong>wp-settings-1<\/strong>. Sirve para personalizar la Interfaz de usuario de WordPress. Expira: 1 a\u00f1o.<\/li>\n<li><strong>wp-settings-time-1<\/strong>. Sirve para personalizar la interfaz de usuario de WordPress. Expira: sesi\u00f3n (al cerrar el navegador).<\/li>\n<li><strong>wordpress_sec_<\/strong>. Utilizada por WordPress para mantener abierta la sesi\u00f3n del usuario. Expira: sesi\u00f3n (al cerrar el navegador).<\/li>\n<li><strong>wfwaf-authcookie-<\/strong>. Utilizada por \u00a0por el plugin de seguridad de WordPress \u00abWordfence\u00bb. Se utiliza para autenticar la solicitud de inicio de sesi\u00f3n del usuario. Expira: 24 horas.<\/li>\n<\/ul>\n<h2><strong>Revocaci\u00f3n y eliminaci\u00f3n de cookies<\/strong><\/h2>\n<p>El usuario tiene la posibilidad de impedir la generaci\u00f3n de cookies seleccionado la correspondiente opci\u00f3n de men\u00fa en su navegador aunque si opta por desactivar el uso de las cookies es posible que se vea afectado el funcionamiento de la p\u00e1gina web.<\/p>\n<p>Puede encontrar informaci\u00f3n sobre c\u00f3mo configurar los navegadores m\u00e1s usados en las siguientes ubicaciones:<\/p>\n<ul>\n<li><strong>Internet Explorer<\/strong>: Herramientas -&gt; Opciones de Internet\u00a0-&gt; Privacidad\u00a0-&gt; Configuraci\u00f3n. Para m\u00e1s informaci\u00f3n, puede consultar el\u00a0<a href=\"http:\/\/windows.microsoft.com\/es-ES\/windows\/support\">soporte de Microsoft<\/a>\u00a0o la Ayuda del navegador.<\/li>\n<li><strong>Firefox<\/strong>: Herramientas\u00a0-&gt; Opciones\u00a0-&gt; Privacidad\u00a0-&gt; Historial\u00a0-&gt; Configuraci\u00f3n Personalizada. Para m\u00e1s informaci\u00f3n, puede consultar el\u00a0<a href=\"http:\/\/support.mozilla.org\/es\/home\">soporte de Mozilla<\/a>\u00a0o la Ayuda del navegador.<\/li>\n<li><strong>Chrome<\/strong>: Configuraci\u00f3n\u00a0-&gt; Mostrar opciones avanzadas\u00a0-&gt; Privacidad\u00a0-&gt; Configuraci\u00f3n de contenido. Para m\u00e1s informaci\u00f3n, puede consultar el\u00a0<a href=\"http:\/\/support.google.com\/chrome\/?hl=es\">soporte de Google<\/a>\u00a0o la Ayuda del navegador.<\/li>\n<li><strong>Safari<\/strong>: Preferencias\u00a0-&gt; Seguridad. Para m\u00e1s informaci\u00f3n, puede consultar el\u00a0<a href=\"http:\/\/www.apple.com\/es\/support\/safari\/\">soporte de Apple<\/a>\u00a0o la Ayuda del navegador.<\/li>\n<\/ul>\n<p>De forma general, la mayor\u00eda de navegadores permiten el acceso r\u00e1pido a la eliminaci\u00f3n de las cookies, pulsando la secuencia de teclas Ctrl + Majus + Supr.<\/p>\n<h2><strong>M\u00e1s informaci\u00f3n sobre las cookies<\/strong><\/h2>\n<ul>\n<li><a href=\"https:\/\/cookiepedia.co.uk\/cookies\/_gid\" target=\"_blank\" rel=\"noopener noreferrer\">Cookiepedia<\/a><\/li>\n<li><a href=\"http:\/\/es.wikipedia.org\/wiki\/Cookie_(inform%C3%A1tica)\" target=\"_blank\" rel=\"noopener noreferrer\">Wikipedia \u2013 Cookie<\/a><\/li>\n<li><a href=\"http:\/\/www.agpd.es\/portalwebAGPD\/canaldocumentacion\/publicaciones\/common\/Guias\/Guia_Cookies.pdf\" target=\"_blank\" rel=\"noopener noreferrer\">Agencia Espa\u00f1ola de Protecci\u00f3n de Datos \u2013 Guia<\/a><\/li>\n<li><a href=\"http:\/\/www.boe.es\/boe\/dias\/2012\/03\/31\/pdfs\/BOE-A-2012-4442.pdf\" target=\"_blank\" rel=\"noopener noreferrer\">Real decreto-ley 13\/2012<\/a><\/li>\n<\/ul>\n<h2><strong>Consentimiento<\/strong><\/h2>\n<p>Al seguir navegando en nuestra web nos indica que da su consentimiento al uso de las cookies existentes en la presente Pol\u00edtica de Cookies.<\/p>\n<\/div><div class=\"fusion-clearfix\"><\/div><\/div><\/div><\/div><\/div>\n","protected":false},"excerpt":{"rendered":"","protected":false},"author":1,"featured_media":0,"parent":4821,"menu_order":50,"comment_status":"closed","ping_status":"closed","template":"100-width.php","meta":{"_seopress_robots_primary_cat":"","_seopress_titles_title":"Paisajes Verticales, fotograf\u00eda a\u00e9rea ~ La empresa","_seopress_titles_desc":"M\u00e1s informaci\u00f3n sobre Paisajes Verticales, empresa operadora de drones para servicios a\u00e9reos audiovisuales ubicada en Girona.","_seopress_robots_index":"","footnotes":""},"class_list":["post-6513","page","type-page","status-publish"],"_links":{"self":[{"href":"https:\/\/www.paisajesverticales.com\/en\/wp-json\/wp\/v2\/pages\/6513","targetHints":{"allow":["GET"]}}],"collection":[{"href":"https:\/\/www.paisajesverticales.com\/en\/wp-json\/wp\/v2\/pages"}],"about":[{"href":"https:\/\/www.paisajesverticales.com\/en\/wp-json\/wp\/v2\/types\/page"}],"author":[{"embeddable":true,"href":"https:\/\/www.paisajesverticales.com\/en\/wp-json\/wp\/v2\/users\/1"}],"replies":[{"embeddable":true,"href":"https:\/\/www.paisajesverticales.com\/en\/wp-json\/wp\/v2\/comments?post=6513"}],"version-history":[{"count":0,"href":"https:\/\/www.paisajesverticales.com\/en\/wp-json\/wp\/v2\/pages\/6513\/revisions"}],"up":[{"embeddable":true,"href":"https:\/\/www.paisajesverticales.com\/en\/wp-json\/wp\/v2\/pages\/4821"}],"wp:attachment":[{"href":"https:\/\/www.paisajesverticales.com\/en\/wp-json\/wp\/v2\/media?parent=6513"}],"curies":[{"name":"wp","href":"https:\/\/api.w.org\/{rel}","templated":true}]}}