{"id":5696,"date":"2018-12-17T15:59:08","date_gmt":"2018-12-17T14:59:08","guid":{"rendered":"https:\/\/www.paisajesverticales.com\/?page_id=5696"},"modified":"2019-02-08T22:16:14","modified_gmt":"2019-02-08T21:16:14","slug":"aerial-observation-for-agricultural-and-forestry-areas","status":"publish","type":"page","link":"https:\/\/www.paisajesverticales.com\/en\/services\/aerial-observation-for-agricultural-and-forestry-areas\/","title":{"rendered":"Aerial observation for agricultural and forestry areas"},"content":{"rendered":"<div class=\"fusion-fullwidth fullwidth-box fusion-builder-row-1 nonhundred-percent-fullwidth non-hundred-percent-height-scrolling\" style=\"--awb-border-radius-top-left:0px;--awb-border-radius-top-right:0px;--awb-border-radius-bottom-right:0px;--awb-border-radius-bottom-left:0px;--awb-margin-bottom:20px;--awb-flex-wrap:wrap;\" ><div class=\"fusion-builder-row fusion-row\"><div class=\"fusion-layout-column fusion_builder_column fusion-builder-column-0 fusion_builder_column_1_1 1_1 fusion-one-full fusion-column-first fusion-column-last\" style=\"--awb-bg-size:cover;\"><div class=\"fusion-column-wrapper fusion-flex-column-wrapper-legacy\"><div class=\"fusion-title title fusion-title-1 fusion-sep-none fusion-title-text fusion-title-size-one\"><h1 class=\"fusion-title-heading title-heading-left fusion-responsive-typography-calculated\" style=\"margin:0;--fontSize:34;line-height:1.3;\">Aerial observation for agricultural and forestry areas<\/h1><\/div><div class=\"fusion-text fusion-text-1\"><div style=\"font-size: 26px; line-height: 34px;\">\n<p>Visual inspection and bird&#8217;s-eye analysis in agricultural or livestock facilities, forest extensions, garden or forestry centers, etc. Realization of aerial photographs for commercial promotion of the company.<\/p>\n<p>We can identify variations in humidity and other factors in the soil and vegetation by installing multispectral chambers.<\/p>\n<p>Paisajes Verticales<sup style=\"font-size: 9px;\">\u00ae<\/sup> (Vertical Landscapes) is a company authorized by the Spanish Agency for Aerial Safety for observation and aerial surveillance including filming and monitoring activities of forest fires.<\/p>\n<\/div>\n<\/div><div class=\"fusion-sep-clear\"><\/div><div class=\"fusion-separator fusion-full-width-sep\" style=\"margin-left: auto;margin-right: auto;margin-top:5px;margin-bottom:5px;width:100%;\"><\/div><div class=\"fusion-sep-clear\"><\/div><div class=\"awb-gallery-wrapper awb-gallery-wrapper-1 button-span-no\"><div style=\"margin:-5px;--awb-bordersize:0px;\" class=\"fusion-gallery fusion-gallery-container fusion-grid-3 fusion-columns-total-9 fusion-gallery-layout-grid fusion-gallery-1\"><div style=\"padding:5px;\" class=\"fusion-grid-column fusion-gallery-column fusion-gallery-column-3 hover-type-none\"><div class=\"fusion-gallery-image\"><a href=\"https:\/\/www.paisajesverticales.com\/WP\/wp-content\/uploads\/20160412-DJI_0020-WEB.jpg\" rel=\"noreferrer\" data-rel=\"iLightbox[gallery_image_1]\" class=\"fusion-lightbox\" target=\"_self\"><img decoding=\"async\" src=\"https:\/\/www.paisajesverticales.com\/WP\/wp-content\/uploads\/20160412-DJI_0020-WEB.jpg\" width=\"1200\" height=\"900\" alt=\"Paisajes Verticales - Fotograf\u00eda a\u00e9rea - AGRICULTURA Y MEDIO AMBIENTE\" title=\"Paisajes Verticales &#8211; Fotograf\u00eda a\u00e9rea &#8211; AGRICULTURA Y MEDIO AMBIENTE\" aria-label=\"Paisajes Verticales &#8211; Fotograf\u00eda a\u00e9rea &#8211; AGRICULTURA Y MEDIO AMBIENTE\" class=\"img-responsive wp-image-1242 fusion-gallery-image-size-fixed\" srcset=\"https:\/\/www.paisajesverticales.com\/WP\/wp-content\/uploads\/20160412-DJI_0020-WEB-200x150.jpg 200w, https:\/\/www.paisajesverticales.com\/WP\/wp-content\/uploads\/20160412-DJI_0020-WEB-400x300.jpg 400w, https:\/\/www.paisajesverticales.com\/WP\/wp-content\/uploads\/20160412-DJI_0020-WEB-600x450.jpg 600w, https:\/\/www.paisajesverticales.com\/WP\/wp-content\/uploads\/20160412-DJI_0020-WEB-800x600.jpg 800w, https:\/\/www.paisajesverticales.com\/WP\/wp-content\/uploads\/20160412-DJI_0020-WEB.jpg 1200w\" sizes=\"(min-width: 2200px) 100vw, (min-width: 704px) 390px, (min-width: 672px) 585px, (min-width: 640px) 672px, \" \/><\/a><\/div><\/div><div style=\"padding:5px;\" class=\"fusion-grid-column fusion-gallery-column fusion-gallery-column-3 hover-type-none\"><div class=\"fusion-gallery-image\"><a href=\"https:\/\/www.paisajesverticales.com\/WP\/wp-content\/uploads\/20170511-DJI_0263-WEB.jpg\" rel=\"noreferrer\" data-rel=\"iLightbox[gallery_image_1]\" class=\"fusion-lightbox\" target=\"_self\"><img decoding=\"async\" src=\"https:\/\/www.paisajesverticales.com\/WP\/wp-content\/uploads\/20170511-DJI_0263-WEB.jpg\" width=\"1200\" height=\"900\" alt=\"Paisajes Verticales \u2013 Fotograf\u00eda a\u00e9rea \u2013 AGRICULTURA Y MEDIO AMBIENTE\" title=\"Paisajes Verticales \u2013 Fotograf\u00eda a\u00e9rea \u2013 AGRICULTURA Y MEDIO AMBIENTE\" aria-label=\"Paisajes Verticales \u2013 Fotograf\u00eda a\u00e9rea \u2013 AGRICULTURA Y MEDIO AMBIENTE\" class=\"img-responsive wp-image-1953 fusion-gallery-image-size-fixed\" srcset=\"https:\/\/www.paisajesverticales.com\/WP\/wp-content\/uploads\/20170511-DJI_0263-WEB-200x150.jpg 200w, https:\/\/www.paisajesverticales.com\/WP\/wp-content\/uploads\/20170511-DJI_0263-WEB-400x300.jpg 400w, https:\/\/www.paisajesverticales.com\/WP\/wp-content\/uploads\/20170511-DJI_0263-WEB-600x450.jpg 600w, https:\/\/www.paisajesverticales.com\/WP\/wp-content\/uploads\/20170511-DJI_0263-WEB-800x600.jpg 800w, https:\/\/www.paisajesverticales.com\/WP\/wp-content\/uploads\/20170511-DJI_0263-WEB.jpg 1200w\" sizes=\"(min-width: 2200px) 100vw, (min-width: 704px) 390px, (min-width: 672px) 585px, (min-width: 640px) 672px, \" \/><\/a><\/div><\/div><div style=\"padding:5px;\" class=\"fusion-grid-column fusion-gallery-column fusion-gallery-column-3 hover-type-none\"><div class=\"fusion-gallery-image\"><a href=\"https:\/\/www.paisajesverticales.com\/WP\/wp-content\/uploads\/20151009-DJI_0080-WEB.jpg\" rel=\"noreferrer\" data-rel=\"iLightbox[gallery_image_1]\" class=\"fusion-lightbox\" target=\"_self\"><img decoding=\"async\" src=\"https:\/\/www.paisajesverticales.com\/WP\/wp-content\/uploads\/20151009-DJI_0080-WEB.jpg\" width=\"1200\" height=\"900\" alt=\"Paisajes Verticales \u2013 Fotograf\u00eda a\u00e9rea \u2013 AGRICULTURA Y MEDIO AMBIENTE\" title=\"Paisajes Verticales \u2013 Fotograf\u00eda a\u00e9rea \u2013 AGRICULTURA Y MEDIO AMBIENTE\" aria-label=\"Paisajes Verticales \u2013 Fotograf\u00eda a\u00e9rea \u2013 AGRICULTURA Y MEDIO AMBIENTE\" class=\"img-responsive wp-image-1724 fusion-gallery-image-size-fixed\" srcset=\"https:\/\/www.paisajesverticales.com\/WP\/wp-content\/uploads\/20151009-DJI_0080-WEB-200x150.jpg 200w, https:\/\/www.paisajesverticales.com\/WP\/wp-content\/uploads\/20151009-DJI_0080-WEB-400x300.jpg 400w, https:\/\/www.paisajesverticales.com\/WP\/wp-content\/uploads\/20151009-DJI_0080-WEB-600x450.jpg 600w, https:\/\/www.paisajesverticales.com\/WP\/wp-content\/uploads\/20151009-DJI_0080-WEB-800x600.jpg 800w, https:\/\/www.paisajesverticales.com\/WP\/wp-content\/uploads\/20151009-DJI_0080-WEB.jpg 1200w\" sizes=\"(min-width: 2200px) 100vw, (min-width: 704px) 390px, (min-width: 672px) 585px, (min-width: 640px) 672px, \" \/><\/a><\/div><\/div><div class=\"clearfix\"><\/div><div style=\"padding:5px;\" class=\"fusion-grid-column fusion-gallery-column fusion-gallery-column-3 hover-type-none\"><div class=\"fusion-gallery-image\"><a href=\"https:\/\/www.paisajesverticales.com\/WP\/wp-content\/uploads\/20140216-185-WEB.jpg\" rel=\"noreferrer\" data-rel=\"iLightbox[gallery_image_1]\" class=\"fusion-lightbox\" target=\"_self\"><img decoding=\"async\" src=\"https:\/\/www.paisajesverticales.com\/WP\/wp-content\/uploads\/20140216-185-WEB.jpg\" width=\"1200\" height=\"900\" alt=\"Paisajes Verticales \u2013 Fotograf\u00eda a\u00e9rea \u2013 AGRICULTURA Y MEDIO AMBIENTE\" title=\"Paisajes Verticales \u2013 Fotograf\u00eda a\u00e9rea \u2013 AGRICULTURA Y MEDIO AMBIENTE\" aria-label=\"Paisajes Verticales \u2013 Fotograf\u00eda a\u00e9rea \u2013 AGRICULTURA Y MEDIO AMBIENTE\" class=\"img-responsive wp-image-1917 fusion-gallery-image-size-fixed\" srcset=\"https:\/\/www.paisajesverticales.com\/WP\/wp-content\/uploads\/20140216-185-WEB-200x150.jpg 200w, https:\/\/www.paisajesverticales.com\/WP\/wp-content\/uploads\/20140216-185-WEB-400x300.jpg 400w, https:\/\/www.paisajesverticales.com\/WP\/wp-content\/uploads\/20140216-185-WEB-600x450.jpg 600w, https:\/\/www.paisajesverticales.com\/WP\/wp-content\/uploads\/20140216-185-WEB-800x600.jpg 800w, https:\/\/www.paisajesverticales.com\/WP\/wp-content\/uploads\/20140216-185-WEB.jpg 1200w\" sizes=\"(min-width: 2200px) 100vw, (min-width: 704px) 390px, (min-width: 672px) 585px, (min-width: 640px) 672px, \" \/><\/a><\/div><\/div><div style=\"padding:5px;\" class=\"fusion-grid-column fusion-gallery-column fusion-gallery-column-3 hover-type-none\"><div class=\"fusion-gallery-image\"><a href=\"https:\/\/www.paisajesverticales.com\/WP\/wp-content\/uploads\/20170507-DJI_0486-WEB.jpg\" rel=\"noreferrer\" data-rel=\"iLightbox[gallery_image_1]\" class=\"fusion-lightbox\" target=\"_self\"><img decoding=\"async\" src=\"https:\/\/www.paisajesverticales.com\/WP\/wp-content\/uploads\/20170507-DJI_0486-WEB.jpg\" width=\"1200\" height=\"900\" alt=\"Paisajes Verticales \u2013 Fotograf\u00eda a\u00e9rea \u2013 AGRICULTURA Y MEDIO AMBIENTE\" title=\"Paisajes Verticales \u2013 Fotograf\u00eda a\u00e9rea \u2013 AGRICULTURA Y MEDIO AMBIENTE\" aria-label=\"Paisajes Verticales \u2013 Fotograf\u00eda a\u00e9rea \u2013 AGRICULTURA Y MEDIO AMBIENTE\" class=\"img-responsive wp-image-1983 fusion-gallery-image-size-fixed\" srcset=\"https:\/\/www.paisajesverticales.com\/WP\/wp-content\/uploads\/20170507-DJI_0486-WEB-200x150.jpg 200w, https:\/\/www.paisajesverticales.com\/WP\/wp-content\/uploads\/20170507-DJI_0486-WEB-400x300.jpg 400w, https:\/\/www.paisajesverticales.com\/WP\/wp-content\/uploads\/20170507-DJI_0486-WEB-600x450.jpg 600w, https:\/\/www.paisajesverticales.com\/WP\/wp-content\/uploads\/20170507-DJI_0486-WEB-800x600.jpg 800w, https:\/\/www.paisajesverticales.com\/WP\/wp-content\/uploads\/20170507-DJI_0486-WEB.jpg 1200w\" sizes=\"(min-width: 2200px) 100vw, (min-width: 704px) 390px, (min-width: 672px) 585px, (min-width: 640px) 672px, \" \/><\/a><\/div><\/div><div style=\"padding:5px;\" class=\"fusion-grid-column fusion-gallery-column fusion-gallery-column-3 hover-type-none\"><div class=\"fusion-gallery-image\"><a href=\"https:\/\/www.paisajesverticales.com\/WP\/wp-content\/uploads\/20140204-037-WEB.jpg\" rel=\"noreferrer\" data-rel=\"iLightbox[gallery_image_1]\" class=\"fusion-lightbox\" target=\"_self\"><img decoding=\"async\" src=\"https:\/\/www.paisajesverticales.com\/WP\/wp-content\/uploads\/20140204-037-WEB.jpg\" width=\"1200\" height=\"900\" alt=\"Paisajes Verticales - Fotograf\u00eda a\u00e9rea - AGRICULTURA Y MEDIO AMBIENTE (Incendio forestal)\" title=\"Paisajes Verticales &#8211; Fotograf\u00eda a\u00e9rea &#8211; AGRICULTURA Y MEDIO AMBIENTE (Incendio forestal)\" aria-label=\"Paisajes Verticales &#8211; Fotograf\u00eda a\u00e9rea &#8211; AGRICULTURA Y MEDIO AMBIENTE (Incendio forestal)\" class=\"img-responsive wp-image-1177 fusion-gallery-image-size-fixed\" srcset=\"https:\/\/www.paisajesverticales.com\/WP\/wp-content\/uploads\/20140204-037-WEB-200x150.jpg 200w, https:\/\/www.paisajesverticales.com\/WP\/wp-content\/uploads\/20140204-037-WEB-400x300.jpg 400w, https:\/\/www.paisajesverticales.com\/WP\/wp-content\/uploads\/20140204-037-WEB-600x450.jpg 600w, https:\/\/www.paisajesverticales.com\/WP\/wp-content\/uploads\/20140204-037-WEB-800x600.jpg 800w, https:\/\/www.paisajesverticales.com\/WP\/wp-content\/uploads\/20140204-037-WEB.jpg 1200w\" sizes=\"(min-width: 2200px) 100vw, (min-width: 704px) 390px, (min-width: 672px) 585px, (min-width: 640px) 672px, \" \/><\/a><\/div><\/div><div class=\"clearfix\"><\/div><div style=\"padding:5px;\" class=\"fusion-grid-column fusion-gallery-column fusion-gallery-column-3 hover-type-none\"><div class=\"fusion-gallery-image\"><a href=\"https:\/\/www.paisajesverticales.com\/WP\/wp-content\/uploads\/20160412-DJI_0027-WEB.jpg\" rel=\"noreferrer\" data-rel=\"iLightbox[gallery_image_1]\" class=\"fusion-lightbox\" target=\"_self\"><img decoding=\"async\" src=\"https:\/\/www.paisajesverticales.com\/WP\/wp-content\/uploads\/20160412-DJI_0027-WEB.jpg\" width=\"1200\" height=\"900\" alt=\"Paisajes Verticales - Fotograf\u00eda a\u00e9rea - AGRICULTURA Y MEDIO AMBIENTE\" title=\"Paisajes Verticales &#8211; Fotograf\u00eda a\u00e9rea &#8211; AGRICULTURA Y MEDIO AMBIENTE\" aria-label=\"Paisajes Verticales &#8211; Fotograf\u00eda a\u00e9rea &#8211; AGRICULTURA Y MEDIO AMBIENTE\" class=\"img-responsive wp-image-1868 fusion-gallery-image-size-fixed\" srcset=\"https:\/\/www.paisajesverticales.com\/WP\/wp-content\/uploads\/20160412-DJI_0027-WEB-200x150.jpg 200w, https:\/\/www.paisajesverticales.com\/WP\/wp-content\/uploads\/20160412-DJI_0027-WEB-400x300.jpg 400w, https:\/\/www.paisajesverticales.com\/WP\/wp-content\/uploads\/20160412-DJI_0027-WEB-600x450.jpg 600w, https:\/\/www.paisajesverticales.com\/WP\/wp-content\/uploads\/20160412-DJI_0027-WEB-800x600.jpg 800w, https:\/\/www.paisajesverticales.com\/WP\/wp-content\/uploads\/20160412-DJI_0027-WEB.jpg 1200w\" sizes=\"(min-width: 2200px) 100vw, (min-width: 704px) 390px, (min-width: 672px) 585px, (min-width: 640px) 672px, \" \/><\/a><\/div><\/div><div style=\"padding:5px;\" class=\"fusion-grid-column fusion-gallery-column fusion-gallery-column-3 hover-type-none\"><div class=\"fusion-gallery-image\"><a href=\"https:\/\/www.paisajesverticales.com\/WP\/wp-content\/uploads\/20150918-DJI_0032-STOCK-WEB.jpg\" rel=\"noreferrer\" data-rel=\"iLightbox[gallery_image_1]\" class=\"fusion-lightbox\" target=\"_self\"><img decoding=\"async\" src=\"https:\/\/www.paisajesverticales.com\/WP\/wp-content\/uploads\/20150918-DJI_0032-STOCK-WEB.jpg\" width=\"1200\" height=\"800\" alt=\"\" title=\"20150918-DJI_0032-STOCK-WEB\" aria-label=\"20150918-DJI_0032-STOCK-WEB\" class=\"img-responsive wp-image-5216 fusion-gallery-image-size-fixed\" srcset=\"https:\/\/www.paisajesverticales.com\/WP\/wp-content\/uploads\/20150918-DJI_0032-STOCK-WEB-200x133.jpg 200w, https:\/\/www.paisajesverticales.com\/WP\/wp-content\/uploads\/20150918-DJI_0032-STOCK-WEB-400x267.jpg 400w, https:\/\/www.paisajesverticales.com\/WP\/wp-content\/uploads\/20150918-DJI_0032-STOCK-WEB-600x400.jpg 600w, https:\/\/www.paisajesverticales.com\/WP\/wp-content\/uploads\/20150918-DJI_0032-STOCK-WEB-800x533.jpg 800w, https:\/\/www.paisajesverticales.com\/WP\/wp-content\/uploads\/20150918-DJI_0032-STOCK-WEB.jpg 1200w\" sizes=\"(min-width: 2200px) 100vw, (min-width: 704px) 390px, (min-width: 672px) 585px, (min-width: 640px) 672px, \" \/><\/a><\/div><\/div><div style=\"padding:5px;\" class=\"fusion-grid-column fusion-gallery-column fusion-gallery-column-3 hover-type-none\"><div class=\"fusion-gallery-image\"><a rel=\"noreferrer\" data-rel=\"iLightbox[gallery_image_1]\" class=\"fusion-lightbox\" target=\"_self\"><img decoding=\"async\" src=\"\" width=\"\" height=\"\" alt=\"\" title=\"\" aria-label=\"\" class=\"img-responsive wp-image-3376 fusion-gallery-image-size-fixed\"  \/><\/a><\/div><\/div><div class=\"clearfix\"><\/div><\/div><\/div><div class=\"fusion-sep-clear\"><\/div><div class=\"fusion-separator fusion-full-width-sep\" style=\"margin-left: auto;margin-right: auto;margin-top:15px;margin-bottom:15px;width:100%;\"><\/div><div class=\"fusion-sep-clear\"><\/div><div class=\"fusion-text fusion-text-2\"><div style=\"font-size: 16px; line-height: 20px;\">\n<p>Visit also the <a href=\"https:\/\/www.paisajesverticales.com\/en\/services\/\">Services section<\/a> to see other types of images and the rest of our services. And in the <a title=\"Gallery of recent works\" href=\"https:\/\/www.paisajesverticales.com\/en\/latest-works\/\">gallery of recent works<\/a> you can see the most significant works that we are doing.<\/p>\n<p style=\"margin-top: -12px;\">You can <a class=\"fusion-modal-text-link\" data-toggle=\"modal\" data-target=\".fusion-modal.contacte-ENG\" href=\"#\">contact with us<\/a> to request more information or a quote without commitment. Or visit the <a title=\"Rates\" href=\"https:\/\/www.paisajesverticales.com\/en\/more-information\/rates\/\">Rates page<\/a> to see the approximate cost of your project without need to contact us right now.<\/p>\n<\/div>\n<\/div><div class=\"fusion-clearfix\"><\/div><\/div><\/div><\/div><\/div>\n","protected":false},"excerpt":{"rendered":"","protected":false},"author":1,"featured_media":0,"parent":2958,"menu_order":33,"comment_status":"closed","ping_status":"closed","template":"100-width.php","meta":{"_seopress_robots_primary_cat":"","_seopress_titles_title":"Vertical Landscapes, Aerial Photography ~ Services: Aerial observation for agricultural and forestry areas","_seopress_titles_desc":"Observaci\u00f3n a\u00e9rea y fotograf\u00eda multiespectral para instalaciones agr\u00edcolas o ganaderas, extensiones forestales, centros de jardiner\u00eda o silvicultura, etc.","_seopress_robots_index":"","footnotes":""},"class_list":["post-5696","page","type-page","status-publish"],"_links":{"self":[{"href":"https:\/\/www.paisajesverticales.com\/en\/wp-json\/wp\/v2\/pages\/5696","targetHints":{"allow":["GET"]}}],"collection":[{"href":"https:\/\/www.paisajesverticales.com\/en\/wp-json\/wp\/v2\/pages"}],"about":[{"href":"https:\/\/www.paisajesverticales.com\/en\/wp-json\/wp\/v2\/types\/page"}],"author":[{"embeddable":true,"href":"https:\/\/www.paisajesverticales.com\/en\/wp-json\/wp\/v2\/users\/1"}],"replies":[{"embeddable":true,"href":"https:\/\/www.paisajesverticales.com\/en\/wp-json\/wp\/v2\/comments?post=5696"}],"version-history":[{"count":0,"href":"https:\/\/www.paisajesverticales.com\/en\/wp-json\/wp\/v2\/pages\/5696\/revisions"}],"up":[{"embeddable":true,"href":"https:\/\/www.paisajesverticales.com\/en\/wp-json\/wp\/v2\/pages\/2958"}],"wp:attachment":[{"href":"https:\/\/www.paisajesverticales.com\/en\/wp-json\/wp\/v2\/media?parent=5696"}],"curies":[{"name":"wp","href":"https:\/\/api.w.org\/{rel}","templated":true}]}}