{"id":5630,"date":"2018-12-17T13:45:15","date_gmt":"2018-12-17T12:45:15","guid":{"rendered":"https:\/\/www.paisajesverticales.com\/?page_id=5630"},"modified":"2019-02-08T21:48:18","modified_gmt":"2019-02-08T20:48:18","slug":"aerial-photography-and-video-for-tourism-promotion","status":"publish","type":"page","link":"https:\/\/www.paisajesverticales.com\/en\/services\/aerial-photography-and-video-for-tourism-promotion\/","title":{"rendered":"Aerial photography and video for tourism promotion"},"content":{"rendered":"<div class=\"fusion-fullwidth fullwidth-box fusion-builder-row-1 nonhundred-percent-fullwidth non-hundred-percent-height-scrolling\" style=\"--awb-border-radius-top-left:0px;--awb-border-radius-top-right:0px;--awb-border-radius-bottom-right:0px;--awb-border-radius-bottom-left:0px;--awb-margin-bottom:20px;--awb-flex-wrap:wrap;\" ><div class=\"fusion-builder-row fusion-row\"><div class=\"fusion-layout-column fusion_builder_column fusion-builder-column-0 fusion_builder_column_1_1 1_1 fusion-one-full fusion-column-first fusion-column-last\" style=\"--awb-bg-size:cover;\"><div class=\"fusion-column-wrapper fusion-flex-column-wrapper-legacy\"><div class=\"fusion-title title fusion-title-1 fusion-sep-none fusion-title-text fusion-title-size-one\"><h1 class=\"fusion-title-heading title-heading-left fusion-responsive-typography-calculated\" style=\"margin:0;--fontSize:34;line-height:1.3;\">Aerial photography and video for tourism promotion<\/h1><\/div><div class=\"fusion-text fusion-text-1\"><div style=\"font-size: 26px; line-height: 34px;\">\n<p>We carry out aerial reports in video or in still photography for the commercial or tourist promotion of town halls, hotels, campsites, aquatic parks, nautical clubs and other companies of the tourist sector. Below you can see a small sample of our done works.<\/p>\n<\/div>\n<\/div><div class=\"fusion-sep-clear\"><\/div><div class=\"fusion-separator fusion-full-width-sep\" style=\"margin-left: auto;margin-right: auto;margin-top:5px;margin-bottom:5px;width:100%;\"><\/div><div class=\"fusion-sep-clear\"><\/div><div class=\"awb-gallery-wrapper awb-gallery-wrapper-1 button-span-no\"><div style=\"margin:-5px;--awb-bordersize:0px;\" class=\"fusion-gallery fusion-gallery-container fusion-grid-3 fusion-columns-total-12 fusion-gallery-layout-grid fusion-gallery-1\"><div style=\"padding:5px;\" class=\"fusion-grid-column fusion-gallery-column fusion-gallery-column-3 hover-type-none\"><div class=\"fusion-gallery-image\"><a href=\"https:\/\/www.paisajesverticales.com\/WP\/wp-content\/uploads\/20171118-145352-WEB.jpg\" rel=\"noreferrer\" data-rel=\"iLightbox[gallery_image_1]\" class=\"fusion-lightbox\" target=\"_self\"><img decoding=\"async\" src=\"https:\/\/www.paisajesverticales.com\/WP\/wp-content\/uploads\/20171118-145352-WEB.jpg\" width=\"1200\" height=\"800\" alt=\"\" title=\"20171118-145352-WEB\" aria-label=\"20171118-145352-WEB\" class=\"img-responsive wp-image-3424 fusion-gallery-image-size-fixed\" srcset=\"https:\/\/www.paisajesverticales.com\/WP\/wp-content\/uploads\/20171118-145352-WEB-200x133.jpg 200w, https:\/\/www.paisajesverticales.com\/WP\/wp-content\/uploads\/20171118-145352-WEB-400x267.jpg 400w, https:\/\/www.paisajesverticales.com\/WP\/wp-content\/uploads\/20171118-145352-WEB-600x400.jpg 600w, https:\/\/www.paisajesverticales.com\/WP\/wp-content\/uploads\/20171118-145352-WEB-800x533.jpg 800w, https:\/\/www.paisajesverticales.com\/WP\/wp-content\/uploads\/20171118-145352-WEB.jpg 1200w\" sizes=\"(min-width: 2200px) 100vw, (min-width: 704px) 390px, (min-width: 672px) 585px, (min-width: 640px) 672px, \" \/><\/a><\/div><\/div><div style=\"padding:5px;\" class=\"fusion-grid-column fusion-gallery-column fusion-gallery-column-3 hover-type-none\"><div class=\"fusion-gallery-image\"><a href=\"https:\/\/www.paisajesverticales.com\/WP\/wp-content\/uploads\/20160924-DJI_0018-WEB.jpg\" rel=\"noreferrer\" data-rel=\"iLightbox[gallery_image_1]\" class=\"fusion-lightbox\" target=\"_self\"><img decoding=\"async\" src=\"https:\/\/www.paisajesverticales.com\/WP\/wp-content\/uploads\/20160924-DJI_0018-WEB.jpg\" width=\"1200\" height=\"800\" alt=\"\" title=\"20160924-DJI_0018-WEB\" aria-label=\"20160924-DJI_0018-WEB\" class=\"img-responsive wp-image-4773 fusion-gallery-image-size-fixed\" srcset=\"https:\/\/www.paisajesverticales.com\/WP\/wp-content\/uploads\/20160924-DJI_0018-WEB-200x133.jpg 200w, https:\/\/www.paisajesverticales.com\/WP\/wp-content\/uploads\/20160924-DJI_0018-WEB-400x267.jpg 400w, https:\/\/www.paisajesverticales.com\/WP\/wp-content\/uploads\/20160924-DJI_0018-WEB-600x400.jpg 600w, https:\/\/www.paisajesverticales.com\/WP\/wp-content\/uploads\/20160924-DJI_0018-WEB-800x533.jpg 800w, https:\/\/www.paisajesverticales.com\/WP\/wp-content\/uploads\/20160924-DJI_0018-WEB.jpg 1200w\" sizes=\"(min-width: 2200px) 100vw, (min-width: 704px) 390px, (min-width: 672px) 585px, (min-width: 640px) 672px, \" \/><\/a><\/div><\/div><div style=\"padding:5px;\" class=\"fusion-grid-column fusion-gallery-column fusion-gallery-column-3 hover-type-none\"><div class=\"fusion-gallery-image\"><a href=\"https:\/\/www.paisajesverticales.com\/WP\/wp-content\/uploads\/20170807-155706-WEB.jpg\" rel=\"noreferrer\" data-rel=\"iLightbox[gallery_image_1]\" class=\"fusion-lightbox\" target=\"_self\"><img decoding=\"async\" src=\"https:\/\/www.paisajesverticales.com\/WP\/wp-content\/uploads\/20170807-155706-WEB.jpg\" width=\"1200\" height=\"800\" alt=\"\" title=\"20170807-155706-WEB\" aria-label=\"20170807-155706-WEB\" class=\"img-responsive wp-image-5213 fusion-gallery-image-size-fixed\" srcset=\"https:\/\/www.paisajesverticales.com\/WP\/wp-content\/uploads\/20170807-155706-WEB-200x133.jpg 200w, https:\/\/www.paisajesverticales.com\/WP\/wp-content\/uploads\/20170807-155706-WEB-400x267.jpg 400w, https:\/\/www.paisajesverticales.com\/WP\/wp-content\/uploads\/20170807-155706-WEB-600x400.jpg 600w, https:\/\/www.paisajesverticales.com\/WP\/wp-content\/uploads\/20170807-155706-WEB-800x533.jpg 800w, https:\/\/www.paisajesverticales.com\/WP\/wp-content\/uploads\/20170807-155706-WEB.jpg 1200w\" sizes=\"(min-width: 2200px) 100vw, (min-width: 704px) 390px, (min-width: 672px) 585px, (min-width: 640px) 672px, \" \/><\/a><\/div><\/div><div class=\"clearfix\"><\/div><div style=\"padding:5px;\" class=\"fusion-grid-column fusion-gallery-column fusion-gallery-column-3 hover-type-none\"><div class=\"fusion-gallery-image\"><a href=\"https:\/\/www.paisajesverticales.com\/WP\/wp-content\/uploads\/20171120-151326-WEB.jpg\" rel=\"noreferrer\" data-rel=\"iLightbox[gallery_image_1]\" class=\"fusion-lightbox\" target=\"_self\"><img decoding=\"async\" src=\"https:\/\/www.paisajesverticales.com\/WP\/wp-content\/uploads\/20171120-151326-WEB.jpg\" width=\"1200\" height=\"799\" alt=\"Puerto de Vilanova i la Geltr\u00fa (Barcelona)\" title=\"Puerto de Vilanova i la Geltr\u00fa (Barcelona)\" aria-label=\"Puerto de Vilanova i la Geltr\u00fa (Barcelona)\" class=\"img-responsive wp-image-3418 fusion-gallery-image-size-fixed\" srcset=\"https:\/\/www.paisajesverticales.com\/WP\/wp-content\/uploads\/20171120-151326-WEB-200x133.jpg 200w, https:\/\/www.paisajesverticales.com\/WP\/wp-content\/uploads\/20171120-151326-WEB-400x266.jpg 400w, https:\/\/www.paisajesverticales.com\/WP\/wp-content\/uploads\/20171120-151326-WEB-600x400.jpg 600w, https:\/\/www.paisajesverticales.com\/WP\/wp-content\/uploads\/20171120-151326-WEB-800x533.jpg 800w, https:\/\/www.paisajesverticales.com\/WP\/wp-content\/uploads\/20171120-151326-WEB.jpg 1200w\" sizes=\"(min-width: 2200px) 100vw, (min-width: 704px) 390px, (min-width: 672px) 585px, (min-width: 640px) 672px, \" \/><\/a><\/div><\/div><div style=\"padding:5px;\" class=\"fusion-grid-column fusion-gallery-column fusion-gallery-column-3 hover-type-none\"><div class=\"fusion-gallery-image\"><a href=\"https:\/\/www.paisajesverticales.com\/WP\/wp-content\/uploads\/20170807-192516-WEB.jpg\" rel=\"noreferrer\" data-rel=\"iLightbox[gallery_image_1]\" class=\"fusion-lightbox\" target=\"_self\"><img decoding=\"async\" src=\"https:\/\/www.paisajesverticales.com\/WP\/wp-content\/uploads\/20170807-192516-WEB.jpg\" width=\"1200\" height=\"800\" alt=\"Paisajes Verticales \u2013 Fotograf\u00eda a\u00e9rea \u2013 PAISAJE Y NATURALEZA\" title=\"Paisajes Verticales \u2013 Fotograf\u00eda a\u00e9rea \u2013 PAISAJE Y NATURALEZA\" aria-label=\"Paisajes Verticales \u2013 Fotograf\u00eda a\u00e9rea \u2013 PAISAJE Y NATURALEZA\" class=\"img-responsive wp-image-2803 fusion-gallery-image-size-fixed\" srcset=\"https:\/\/www.paisajesverticales.com\/WP\/wp-content\/uploads\/20170807-192516-WEB-200x133.jpg 200w, https:\/\/www.paisajesverticales.com\/WP\/wp-content\/uploads\/20170807-192516-WEB-400x267.jpg 400w, https:\/\/www.paisajesverticales.com\/WP\/wp-content\/uploads\/20170807-192516-WEB-600x400.jpg 600w, https:\/\/www.paisajesverticales.com\/WP\/wp-content\/uploads\/20170807-192516-WEB-800x533.jpg 800w, https:\/\/www.paisajesverticales.com\/WP\/wp-content\/uploads\/20170807-192516-WEB.jpg 1200w\" sizes=\"(min-width: 2200px) 100vw, (min-width: 704px) 390px, (min-width: 672px) 585px, (min-width: 640px) 672px, \" \/><\/a><\/div><\/div><div style=\"padding:5px;\" class=\"fusion-grid-column fusion-gallery-column fusion-gallery-column-3 hover-type-none\"><div class=\"fusion-gallery-image\"><a href=\"https:\/\/www.paisajesverticales.com\/WP\/wp-content\/uploads\/20151114-DJI_0018-WEB.jpg\" rel=\"noreferrer\" data-rel=\"iLightbox[gallery_image_1]\" class=\"fusion-lightbox\" target=\"_self\"><img decoding=\"async\" src=\"https:\/\/www.paisajesverticales.com\/WP\/wp-content\/uploads\/20151114-DJI_0018-WEB.jpg\" width=\"1200\" height=\"900\" alt=\"Paisajes Verticales \u2013 Fotograf\u00eda a\u00e9rea \u2013 PAISAJE Y NATURALEZA (Porqueres)\" title=\"Paisajes Verticales \u2013 Fotograf\u00eda a\u00e9rea \u2013 PAISAJE Y NATURALEZA (Porqueres)\" aria-label=\"Paisajes Verticales \u2013 Fotograf\u00eda a\u00e9rea \u2013 PAISAJE Y NATURALEZA (Porqueres)\" class=\"img-responsive wp-image-1956 fusion-gallery-image-size-fixed\" srcset=\"https:\/\/www.paisajesverticales.com\/WP\/wp-content\/uploads\/20151114-DJI_0018-WEB-200x150.jpg 200w, https:\/\/www.paisajesverticales.com\/WP\/wp-content\/uploads\/20151114-DJI_0018-WEB-400x300.jpg 400w, https:\/\/www.paisajesverticales.com\/WP\/wp-content\/uploads\/20151114-DJI_0018-WEB-600x450.jpg 600w, https:\/\/www.paisajesverticales.com\/WP\/wp-content\/uploads\/20151114-DJI_0018-WEB-800x600.jpg 800w, https:\/\/www.paisajesverticales.com\/WP\/wp-content\/uploads\/20151114-DJI_0018-WEB.jpg 1200w\" sizes=\"(min-width: 2200px) 100vw, (min-width: 704px) 390px, (min-width: 672px) 585px, (min-width: 640px) 672px, \" \/><\/a><\/div><\/div><div class=\"clearfix\"><\/div><div style=\"padding:5px;\" class=\"fusion-grid-column fusion-gallery-column fusion-gallery-column-3 hover-type-none\"><div class=\"fusion-gallery-image\"><a href=\"https:\/\/www.paisajesverticales.com\/WP\/wp-content\/uploads\/20171118-133642-WEB.jpg\" rel=\"noreferrer\" data-rel=\"iLightbox[gallery_image_1]\" class=\"fusion-lightbox\" target=\"_self\"><img decoding=\"async\" src=\"https:\/\/www.paisajesverticales.com\/WP\/wp-content\/uploads\/20171118-133642-WEB.jpg\" width=\"1200\" height=\"799\" alt=\"Litoral de Sitges (Garraf, Barcelona)\" title=\"Litoral de Sitges (Garraf, Barcelona)\" aria-label=\"Litoral de Sitges (Garraf, Barcelona)\" class=\"img-responsive wp-image-3415 fusion-gallery-image-size-fixed\" srcset=\"https:\/\/www.paisajesverticales.com\/WP\/wp-content\/uploads\/20171118-133642-WEB-200x133.jpg 200w, https:\/\/www.paisajesverticales.com\/WP\/wp-content\/uploads\/20171118-133642-WEB-400x266.jpg 400w, https:\/\/www.paisajesverticales.com\/WP\/wp-content\/uploads\/20171118-133642-WEB-600x400.jpg 600w, https:\/\/www.paisajesverticales.com\/WP\/wp-content\/uploads\/20171118-133642-WEB-800x533.jpg 800w, https:\/\/www.paisajesverticales.com\/WP\/wp-content\/uploads\/20171118-133642-WEB.jpg 1200w\" sizes=\"(min-width: 2200px) 100vw, (min-width: 704px) 390px, (min-width: 672px) 585px, (min-width: 640px) 672px, \" \/><\/a><\/div><\/div><div style=\"padding:5px;\" class=\"fusion-grid-column fusion-gallery-column fusion-gallery-column-3 hover-type-none\"><div class=\"fusion-gallery-image\"><a href=\"https:\/\/www.paisajesverticales.com\/WP\/wp-content\/uploads\/20151111-DJI_0041-WEB.jpg\" rel=\"noreferrer\" data-rel=\"iLightbox[gallery_image_1]\" class=\"fusion-lightbox\" target=\"_self\"><img decoding=\"async\" src=\"https:\/\/www.paisajesverticales.com\/WP\/wp-content\/uploads\/20151111-DJI_0041-WEB.jpg\" width=\"1200\" height=\"800\" alt=\"\" title=\"20151111-DJI_0041-WEB\" aria-label=\"20151111-DJI_0041-WEB\" class=\"img-responsive wp-image-4270 fusion-gallery-image-size-fixed\" srcset=\"https:\/\/www.paisajesverticales.com\/WP\/wp-content\/uploads\/20151111-DJI_0041-WEB-200x133.jpg 200w, https:\/\/www.paisajesverticales.com\/WP\/wp-content\/uploads\/20151111-DJI_0041-WEB-400x267.jpg 400w, https:\/\/www.paisajesverticales.com\/WP\/wp-content\/uploads\/20151111-DJI_0041-WEB-600x400.jpg 600w, https:\/\/www.paisajesverticales.com\/WP\/wp-content\/uploads\/20151111-DJI_0041-WEB-800x533.jpg 800w, https:\/\/www.paisajesverticales.com\/WP\/wp-content\/uploads\/20151111-DJI_0041-WEB.jpg 1200w\" sizes=\"(min-width: 2200px) 100vw, (min-width: 704px) 390px, (min-width: 672px) 585px, (min-width: 640px) 672px, \" \/><\/a><\/div><\/div><div style=\"padding:5px;\" class=\"fusion-grid-column fusion-gallery-column fusion-gallery-column-3 hover-type-none\"><div class=\"fusion-gallery-image\"><a href=\"https:\/\/www.paisajesverticales.com\/WP\/wp-content\/uploads\/20171121-102938-WEB.jpg\" rel=\"noreferrer\" data-rel=\"iLightbox[gallery_image_1]\" class=\"fusion-lightbox\" target=\"_self\"><img decoding=\"async\" src=\"https:\/\/www.paisajesverticales.com\/WP\/wp-content\/uploads\/20171121-102938-WEB.jpg\" width=\"1200\" height=\"800\" alt=\"Iglesia de Sant Bartomeu i Santa Tecla, de Sitges (Garraf, Barcelona)\" title=\"Iglesia de Sant Bartomeu i Santa Tecla, de Sitges (Garraf, Barcelona)\" aria-label=\"Iglesia de Sant Bartomeu i Santa Tecla, de Sitges (Garraf, Barcelona)\" class=\"img-responsive wp-image-3409 fusion-gallery-image-size-fixed\" srcset=\"https:\/\/www.paisajesverticales.com\/WP\/wp-content\/uploads\/20171121-102938-WEB-200x133.jpg 200w, https:\/\/www.paisajesverticales.com\/WP\/wp-content\/uploads\/20171121-102938-WEB-400x267.jpg 400w, https:\/\/www.paisajesverticales.com\/WP\/wp-content\/uploads\/20171121-102938-WEB-600x400.jpg 600w, https:\/\/www.paisajesverticales.com\/WP\/wp-content\/uploads\/20171121-102938-WEB-800x533.jpg 800w, https:\/\/www.paisajesverticales.com\/WP\/wp-content\/uploads\/20171121-102938-WEB.jpg 1200w\" sizes=\"(min-width: 2200px) 100vw, (min-width: 704px) 390px, (min-width: 672px) 585px, (min-width: 640px) 672px, \" \/><\/a><\/div><\/div><div class=\"clearfix\"><\/div><div style=\"padding:5px;\" class=\"fusion-grid-column fusion-gallery-column fusion-gallery-column-3 hover-type-none\"><div class=\"fusion-gallery-image\"><a href=\"https:\/\/www.paisajesverticales.com\/WP\/wp-content\/uploads\/20150924-DJI_0043-WEB.jpg\" rel=\"noreferrer\" data-rel=\"iLightbox[gallery_image_1]\" class=\"fusion-lightbox\" target=\"_self\"><img decoding=\"async\" src=\"https:\/\/www.paisajesverticales.com\/WP\/wp-content\/uploads\/20150924-DJI_0043-WEB.jpg\" width=\"1200\" height=\"900\" alt=\"Paisajes Verticales - Fotograf\u00eda a\u00e9rea - PROMOCI\u00d3N TUR\u00cdSTICA (Calella de Palafrugell)\" title=\"Paisajes Verticales &#8211; Fotograf\u00eda a\u00e9rea &#8211; PROMOCI\u00d3N TUR\u00cdSTICA (Calella de Palafrugell)\" aria-label=\"Paisajes Verticales &#8211; Fotograf\u00eda a\u00e9rea &#8211; PROMOCI\u00d3N TUR\u00cdSTICA (Calella de Palafrugell)\" class=\"img-responsive wp-image-1190 fusion-gallery-image-size-fixed\" srcset=\"https:\/\/www.paisajesverticales.com\/WP\/wp-content\/uploads\/20150924-DJI_0043-WEB-200x150.jpg 200w, https:\/\/www.paisajesverticales.com\/WP\/wp-content\/uploads\/20150924-DJI_0043-WEB-400x300.jpg 400w, https:\/\/www.paisajesverticales.com\/WP\/wp-content\/uploads\/20150924-DJI_0043-WEB-600x450.jpg 600w, https:\/\/www.paisajesverticales.com\/WP\/wp-content\/uploads\/20150924-DJI_0043-WEB-800x600.jpg 800w, https:\/\/www.paisajesverticales.com\/WP\/wp-content\/uploads\/20150924-DJI_0043-WEB.jpg 1200w\" sizes=\"(min-width: 2200px) 100vw, (min-width: 704px) 390px, (min-width: 672px) 585px, (min-width: 640px) 672px, \" \/><\/a><\/div><\/div><div style=\"padding:5px;\" class=\"fusion-grid-column fusion-gallery-column fusion-gallery-column-3 hover-type-none\"><div class=\"fusion-gallery-image\"><a href=\"https:\/\/www.paisajesverticales.com\/WP\/wp-content\/uploads\/20150924-DJI_0029-WEB.jpg\" rel=\"noreferrer\" data-rel=\"iLightbox[gallery_image_1]\" class=\"fusion-lightbox\" target=\"_self\"><img decoding=\"async\" src=\"https:\/\/www.paisajesverticales.com\/WP\/wp-content\/uploads\/20150924-DJI_0029-WEB.jpg\" width=\"1200\" height=\"900\" alt=\"Paisajes Verticales - Fotograf\u00eda a\u00e9rea - PROMOCI\u00d3N TUR\u00cdSTICA (Hotel en Calella de Palafrugell)\" title=\"Paisajes Verticales &#8211; Fotograf\u00eda a\u00e9rea &#8211; PROMOCI\u00d3N TUR\u00cdSTICA (Hotel en Calella de Palafrugell)\" aria-label=\"Paisajes Verticales &#8211; Fotograf\u00eda a\u00e9rea &#8211; PROMOCI\u00d3N TUR\u00cdSTICA (Hotel en Calella de Palafrugell)\" class=\"img-responsive wp-image-1756 fusion-gallery-image-size-fixed\" srcset=\"https:\/\/www.paisajesverticales.com\/WP\/wp-content\/uploads\/20150924-DJI_0029-WEB-200x150.jpg 200w, https:\/\/www.paisajesverticales.com\/WP\/wp-content\/uploads\/20150924-DJI_0029-WEB-400x300.jpg 400w, https:\/\/www.paisajesverticales.com\/WP\/wp-content\/uploads\/20150924-DJI_0029-WEB-600x450.jpg 600w, https:\/\/www.paisajesverticales.com\/WP\/wp-content\/uploads\/20150924-DJI_0029-WEB-800x600.jpg 800w, https:\/\/www.paisajesverticales.com\/WP\/wp-content\/uploads\/20150924-DJI_0029-WEB.jpg 1200w\" sizes=\"(min-width: 2200px) 100vw, (min-width: 704px) 390px, (min-width: 672px) 585px, (min-width: 640px) 672px, \" \/><\/a><\/div><\/div><div style=\"padding:5px;\" class=\"fusion-grid-column fusion-gallery-column fusion-gallery-column-3 hover-type-none\"><div class=\"fusion-gallery-image\"><a href=\"https:\/\/www.paisajesverticales.com\/WP\/wp-content\/uploads\/20160324-DJI_0045-WEB.jpg\" rel=\"noreferrer\" data-rel=\"iLightbox[gallery_image_1]\" class=\"fusion-lightbox\" target=\"_self\"><img decoding=\"async\" src=\"https:\/\/www.paisajesverticales.com\/WP\/wp-content\/uploads\/20160324-DJI_0045-WEB.jpg\" width=\"1200\" height=\"900\" alt=\"Paisajes Verticales \u2013 Fotograf\u00eda a\u00e9rea \u2013 PROMOCI\u00d3N TUR\u00cdSTICA (Besal\u00fa)\" title=\"Paisajes Verticales \u2013 Fotograf\u00eda a\u00e9rea \u2013 PROMOCI\u00d3N TUR\u00cdSTICA (Besal\u00fa)\" aria-label=\"Paisajes Verticales \u2013 Fotograf\u00eda a\u00e9rea \u2013 PROMOCI\u00d3N TUR\u00cdSTICA (Besal\u00fa)\" class=\"img-responsive wp-image-1852 fusion-gallery-image-size-fixed\" srcset=\"https:\/\/www.paisajesverticales.com\/WP\/wp-content\/uploads\/20160324-DJI_0045-WEB-200x150.jpg 200w, https:\/\/www.paisajesverticales.com\/WP\/wp-content\/uploads\/20160324-DJI_0045-WEB-400x300.jpg 400w, https:\/\/www.paisajesverticales.com\/WP\/wp-content\/uploads\/20160324-DJI_0045-WEB-600x450.jpg 600w, https:\/\/www.paisajesverticales.com\/WP\/wp-content\/uploads\/20160324-DJI_0045-WEB-800x600.jpg 800w, https:\/\/www.paisajesverticales.com\/WP\/wp-content\/uploads\/20160324-DJI_0045-WEB.jpg 1200w\" sizes=\"(min-width: 2200px) 100vw, (min-width: 704px) 390px, (min-width: 672px) 585px, (min-width: 640px) 672px, \" \/><\/a><\/div><\/div><div class=\"clearfix\"><\/div><\/div><\/div><div class=\"fusion-sep-clear\"><\/div><div class=\"fusion-separator fusion-full-width-sep\" style=\"margin-left: auto;margin-right: auto;margin-top:15px;margin-bottom:15px;width:100%;\"><\/div><div class=\"fusion-sep-clear\"><\/div><div class=\"fusion-text fusion-text-2\"><div style=\"font-size: 16px; line-height: 20px;\">\n<p>Visit also the <a href=\"https:\/\/www.paisajesverticales.com\/en\/services\/\">Services section<\/a> to see other types of images and the rest of our services. And in the <a title=\"Gallery of recent works\" href=\"https:\/\/www.paisajesverticales.com\/en\/latest-works\/\">gallery of recent works<\/a> you can see the most significant works that we are doing.<\/p>\n<p style=\"margin-top: -12px;\">You can <a class=\"fusion-modal-text-link\" data-toggle=\"modal\" data-target=\".fusion-modal.contacte-ENG\" href=\"#\">contact with us<\/a> to request more information or a quote without commitment. Or visit the <a title=\"Rates\" href=\"https:\/\/www.paisajesverticales.com\/en\/more-information\/rates\/\">Rates page<\/a> to see the approximate cost of your project without need to contact us right now.<\/p>\n<\/div>\n<\/div><div class=\"fusion-clearfix\"><\/div><\/div><\/div><\/div><\/div>\n","protected":false},"excerpt":{"rendered":"","protected":false},"author":1,"featured_media":0,"parent":2958,"menu_order":15,"comment_status":"closed","ping_status":"closed","template":"100-width.php","meta":{"_seopress_robots_primary_cat":"","_seopress_titles_title":"Vertical Landscapes, Aerial Photography ~ Services: aerial photography and video for tourism promotion","_seopress_titles_desc":"Reportajes a\u00e9reos para la promoci\u00f3n comercial o tur\u00edstica de ayuntamientos, hoteles, campings, parques acu\u00e1ticos, clubs na\u00faticos, etc.","_seopress_robots_index":"","footnotes":""},"class_list":["post-5630","page","type-page","status-publish"],"_links":{"self":[{"href":"https:\/\/www.paisajesverticales.com\/en\/wp-json\/wp\/v2\/pages\/5630","targetHints":{"allow":["GET"]}}],"collection":[{"href":"https:\/\/www.paisajesverticales.com\/en\/wp-json\/wp\/v2\/pages"}],"about":[{"href":"https:\/\/www.paisajesverticales.com\/en\/wp-json\/wp\/v2\/types\/page"}],"author":[{"embeddable":true,"href":"https:\/\/www.paisajesverticales.com\/en\/wp-json\/wp\/v2\/users\/1"}],"replies":[{"embeddable":true,"href":"https:\/\/www.paisajesverticales.com\/en\/wp-json\/wp\/v2\/comments?post=5630"}],"version-history":[{"count":0,"href":"https:\/\/www.paisajesverticales.com\/en\/wp-json\/wp\/v2\/pages\/5630\/revisions"}],"up":[{"embeddable":true,"href":"https:\/\/www.paisajesverticales.com\/en\/wp-json\/wp\/v2\/pages\/2958"}],"wp:attachment":[{"href":"https:\/\/www.paisajesverticales.com\/en\/wp-json\/wp\/v2\/media?parent=5630"}],"curies":[{"name":"wp","href":"https:\/\/api.w.org\/{rel}","templated":true}]}}