{"id":8507,"date":"2019-11-14T13:19:42","date_gmt":"2019-11-14T12:19:42","guid":{"rendered":"https:\/\/www.paisajesverticales.com\/?page_id=8507"},"modified":"2019-11-14T15:45:48","modified_gmt":"2019-11-14T14:45:48","slug":"sollicitud-pressupost","status":"publish","type":"page","link":"https:\/\/www.paisajesverticales.com\/ca\/mes-informacio\/sollicitud-pressupost\/","title":{"rendered":"Sol\u00b7licitud pressupost"},"content":{"rendered":"<div class=\"fusion-fullwidth fullwidth-box fusion-builder-row-1 nonhundred-percent-fullwidth non-hundred-percent-height-scrolling\" style=\"--awb-border-radius-top-left:0px;--awb-border-radius-top-right:0px;--awb-border-radius-bottom-right:0px;--awb-border-radius-bottom-left:0px;--awb-flex-wrap:wrap;\" ><div class=\"fusion-builder-row fusion-row\"><div class=\"fusion-layout-column fusion_builder_column fusion-builder-column-0 fusion_builder_column_1_1 1_1 fusion-one-full fusion-column-first fusion-column-last\" style=\"--awb-bg-size:cover;\"><div class=\"fusion-column-wrapper fusion-flex-column-wrapper-legacy\"><div class=\"fusion-title title fusion-title-1 fusion-sep-none fusion-title-text fusion-title-size-one\"><h1 class=\"fusion-title-heading title-heading-left fusion-responsive-typography-calculated\" style=\"margin:0;--fontSize:34;line-height:1.3;\">Sol\u00b7licitud de pressupost<\/h1><\/div><div class=\"fusion-text fusion-text-1\">\n<div class=\"wpcf7 no-js\" id=\"wpcf7-f8519-o1\" lang=\"ca\" dir=\"ltr\" data-wpcf7-id=\"8519\">\n<div class=\"screen-reader-response\"><p role=\"status\" aria-live=\"polite\" aria-atomic=\"true\"><\/p> <ul><\/ul><\/div>\n<form action=\"\/ca\/wp-json\/wp\/v2\/pages\/8507#wpcf7-f8519-o1\" method=\"post\" class=\"wpcf7-form init\" aria-label=\"Formulari de contacte\" novalidate=\"novalidate\" data-status=\"init\">\n<fieldset class=\"hidden-fields-container\"><input type=\"hidden\" name=\"_wpcf7\" value=\"8519\" \/><input type=\"hidden\" name=\"_wpcf7_version\" value=\"6.1.5\" \/><input type=\"hidden\" name=\"_wpcf7_locale\" value=\"ca\" \/><input type=\"hidden\" name=\"_wpcf7_unit_tag\" value=\"wpcf7-f8519-o1\" \/><input type=\"hidden\" name=\"_wpcf7_container_post\" value=\"0\" \/><input type=\"hidden\" name=\"_wpcf7_posted_data_hash\" value=\"\" \/><input type=\"hidden\" name=\"_wpcf7_recaptcha_response\" value=\"\" \/>\n<\/fieldset>\n<div style=\"margin-right:5%; margin-left:5%; line-height: 30px;\">\n\t<p>Empresa-organisme\n\t\t<font style=\"color:red; font-weight:bold;\">*\n\t\t<\/font>\n\t<\/p>\n\t<div style=\"font-size:16px; line-height: 20px; margin-top:-20px; margin-bottom:-15px;\">\n\t\t<p>(nom comercial i denominaci\u00f3 fiscal\/oficial)\n\t\t<\/p>\n\t<\/div>\n\t<p><span class=\"wpcf7-form-control-wrap\" data-name=\"your-company\"><input size=\"40\" maxlength=\"400\" class=\"wpcf7-form-control wpcf7-text wpcf7-validates-as-required\" aria-required=\"true\" aria-invalid=\"false\" value=\"\" type=\"text\" name=\"your-company\" \/><\/span>\n\t<\/p>\n\t<p>NIF \/ VAT Number\n\t\t<font style=\"color:red; font-weight:bold;\">*\n\t\t<\/font>\n\t<\/p>\n\t<div style=\"font-size:16px; line-height: 20px; margin-top:-20px; margin-bottom:-15px;\">\n\t\t<p>(n\u00famero intracomunitari en cas d'empresa de la resta de la UE)\n\t\t<\/p>\n\t<\/div>\n\t<p><span class=\"wpcf7-form-control-wrap\" data-name=\"NIF\"><input size=\"40\" maxlength=\"400\" class=\"wpcf7-form-control wpcf7-text wpcf7-validates-as-required\" aria-required=\"true\" aria-invalid=\"false\" value=\"\" type=\"text\" name=\"NIF\" \/><\/span>\n\t<\/p>\n\t<p>Adre\u00e7a completa\n\t\t<font style=\"color:red; font-weight:bold;\">*\n\t\t<\/font><br \/>\n<span class=\"wpcf7-form-control-wrap\" data-name=\"adreca\"><input size=\"40\" maxlength=\"400\" class=\"wpcf7-form-control wpcf7-text wpcf7-validates-as-required\" aria-required=\"true\" aria-invalid=\"false\" value=\"\" type=\"text\" name=\"adreca\" \/><\/span>\n\t<\/p>\n\t<p>P\u00e0gina web<br \/>\n<span class=\"wpcf7-form-control-wrap\" data-name=\"web\"><input size=\"40\" maxlength=\"400\" class=\"wpcf7-form-control wpcf7-text\" aria-invalid=\"false\" value=\"\" type=\"text\" name=\"web\" \/><\/span>\n\t<\/p>\n\t<p>Nom i cognom del responsable\n\t\t<font style=\"color:red; font-weight:bold;\">*\n\t\t<\/font><br \/>\n<span class=\"wpcf7-form-control-wrap\" data-name=\"your-name\"><input size=\"40\" maxlength=\"400\" class=\"wpcf7-form-control wpcf7-text wpcf7-validates-as-required\" aria-required=\"true\" aria-invalid=\"false\" value=\"\" type=\"text\" name=\"your-name\" \/><\/span>\n\t<\/p>\n\t<p>C\u00e0rrec\/Responsabilitat\/\u00c0rea\n\t\t<font style=\"color:red; font-weight:bold;\">*\n\t\t<\/font><br \/>\n<span class=\"wpcf7-form-control-wrap\" data-name=\"carrec\"><input size=\"40\" maxlength=\"400\" class=\"wpcf7-form-control wpcf7-text wpcf7-validates-as-required\" aria-required=\"true\" aria-invalid=\"false\" value=\"\" type=\"text\" name=\"carrec\" \/><\/span>\n\t<\/p>\n\t<p>Correu electr\u00f2nic\n\t\t<font style=\"color:red; font-weight:bold;\">*\n\t\t<\/font>\n\t<\/p>\n\t<div style=\"font-size:16px; line-height: 20px; margin-top:-20px; margin-bottom:-15px;\">\n\t\t<p>(e-mail d'empresa, no particular)\n\t\t<\/p>\n\t<\/div>\n\t<p><span class=\"wpcf7-form-control-wrap\" data-name=\"your-email\"><input size=\"40\" maxlength=\"400\" class=\"wpcf7-form-control wpcf7-email wpcf7-validates-as-required wpcf7-text wpcf7-validates-as-email\" aria-required=\"true\" aria-invalid=\"false\" value=\"\" type=\"email\" name=\"your-email\" \/><\/span>\n\t<\/p>\n\t<p>Tel\u00e8fons\n\t\t<font style=\"color:red; font-weight:bold;\">*\n\t\t<\/font><br \/>\n<span class=\"wpcf7-form-control-wrap\" data-name=\"your-tel\"><input size=\"40\" maxlength=\"400\" class=\"wpcf7-form-control wpcf7-text wpcf7-validates-as-required\" aria-required=\"true\" aria-invalid=\"false\" value=\"\" type=\"text\" name=\"your-tel\" \/><\/span>\n\t<\/p>\n\t<p>Si us plau, descrigui el seu projecte amb el major detall possible\n\t\t<font style=\"color:red; font-weight:bold;\">*\n\t\t<\/font><br \/>\n<span class=\"wpcf7-form-control-wrap\" data-name=\"your-message\"><textarea cols=\"40\" rows=\"10\" maxlength=\"2000\" class=\"wpcf7-form-control wpcf7-textarea wpcf7-validates-as-required\" aria-required=\"true\" aria-invalid=\"false\" name=\"your-message\"><\/textarea><\/span>\n\t<\/p>\n\t<p>Ubicaci\u00f3 exacta on s'hauria de realitzar el treball\n\t\t<font style=\"color:red; font-weight:bold;\">*\n\t\t<\/font>\n\t<\/p>\n\t<div style=\"font-size:16px; line-height: 20px; margin-top:-20px; margin-bottom:-15px;\">\n\t\t<p>(pot ser una adre\u00e7a postal, coordenades, link de Google Maps, etc. \u00c9s una dada imprescindible per a determinar les possibles restriccions de vol en aquesta zona i la gesti\u00f3 d'autoritzacions necess\u00e0ries. Sense aquesta informaci\u00f3 no podrem preparar-li el pressupost. Paisatges Verticals li garanteix una estricta confidencialitat d'aquesta i de les altres dades, encara que l'enc\u00e0rrec no arribi a confirmar-se)\n\t\t<\/p>\n\t<\/div>\n\t<p><span class=\"wpcf7-form-control-wrap\" data-name=\"ubicacio\"><input size=\"40\" maxlength=\"400\" class=\"wpcf7-form-control wpcf7-text wpcf7-validates-as-required\" aria-required=\"true\" aria-invalid=\"false\" value=\"\" type=\"text\" name=\"ubicacio\" \/><\/span>\n\t<\/p>\n\t<p>En cas necessari: data i hora per a la realitzaci\u00f3 del treball (i durada aproximada, si es tracta d'un esdeveniment)<br \/>\n<span class=\"wpcf7-form-control-wrap\" data-name=\"data-realitzacio\"><input size=\"40\" maxlength=\"400\" class=\"wpcf7-form-control wpcf7-text\" aria-invalid=\"false\" value=\"\" type=\"text\" name=\"data-realitzacio\" \/><\/span>\n\t<\/p>\n\t<p>En cas necessari: data m\u00e0xima de lliurament del treball acabat<br \/>\n<span class=\"wpcf7-form-control-wrap\" data-name=\"data-lliurament\"><input size=\"40\" maxlength=\"400\" class=\"wpcf7-form-control wpcf7-text\" aria-invalid=\"false\" value=\"\" type=\"text\" name=\"data-lliurament\" \/><\/span>\n\t<\/p>\n\t<p>Format del treball\n\t\t<font style=\"color:red; font-weight:bold;\">*\n\t\t<\/font>\n\t<\/p>\n\t<div style=\"font-size:16px; line-height: 20px; margin-top:-20px; margin-bottom:-15px;\">\n\t\t<p>Marqui tantes opcions com consideri necess\u00e0ries\n\t\t<\/p>\n\t<\/div>\n\t<font style=\"margin-top:10px;\">\n\t\t<p><span class=\"wpcf7-form-control-wrap\" data-name=\"format-imatge\"><span class=\"wpcf7-form-control wpcf7-checkbox wpcf7-validates-as-required\"><span class=\"wpcf7-list-item first\"><input type=\"checkbox\" name=\"format-imatge[]\" value=\"Fotografia fixa\" \/><span class=\"wpcf7-list-item-label\">Fotografia fixa<\/span><\/span><span class=\"wpcf7-list-item\"><input type=\"checkbox\" name=\"format-imatge[]\" value=\"V\u00eddeo editat i muntat\" \/><span class=\"wpcf7-list-item-label\">V\u00eddeo editat i muntat<\/span><\/span><span class=\"wpcf7-list-item\"><input type=\"checkbox\" name=\"format-imatge[]\" value=\"V\u00eddeo sense editar (per a altres empreses audiovisuals)\" \/><span class=\"wpcf7-list-item-label\">V\u00eddeo sense editar (per a altres empreses audiovisuals)<\/span><\/span><span class=\"wpcf7-list-item\"><input type=\"checkbox\" name=\"format-imatge[]\" value=\"Observaci\u00f3-vigil\u00e0ncia\" \/><span class=\"wpcf7-list-item-label\">Observaci\u00f3-vigil\u00e0ncia<\/span><\/span><span class=\"wpcf7-list-item\"><input type=\"checkbox\" name=\"format-imatge[]\" value=\"Pr\u00e0ctiques de vol\" \/><span class=\"wpcf7-list-item-label\">Pr\u00e0ctiques de vol<\/span><\/span><span class=\"wpcf7-list-item last\"><input type=\"checkbox\" name=\"format-imatge[]\" value=\"Altres\" \/><span class=\"wpcf7-list-item-label\">Altres<\/span><\/span><\/span><\/span>\n\t\t<\/p>\n\t\t<p>Dest\u00ed del treball\n\t\t\t<font style=\"color:red; font-weight:bold;\">*\n\t\t\t<\/font>\n\t\t<\/p>\n\t\t<div style=\"font-size:16px; line-height: 20px; margin-top:-20px; margin-bottom:-15px;\">\n\t\t\t<p>(per a preveure amb antelaci\u00f3 els requeriments t\u00e8cnics de les imatges i l'equipament que haurem d'utilitzar)\n\t\t\t<\/p>\n\t\t<\/div>\n\t<\/font>\n\t<font style=\"margin-top:10px;\">\n\t\t<p><span class=\"wpcf7-form-control-wrap\" data-name=\"desti-imatge\"><span class=\"wpcf7-form-control wpcf7-checkbox wpcf7-validates-as-required\"><span class=\"wpcf7-list-item first\"><input type=\"checkbox\" name=\"desti-imatge[]\" value=\"Publicaci\u00f3 impresa (cat\u00e0leg, revista, llibre, etc.)\" \/><span class=\"wpcf7-list-item-label\">Publicaci\u00f3 impresa (cat\u00e0leg, revista, llibre, etc.)<\/span><\/span><span class=\"wpcf7-list-item\"><input type=\"checkbox\" name=\"desti-imatge[]\" value=\"Impressi\u00f3 digital de curta durada (roll-up, banderola, cartell, etc.)\" \/><span class=\"wpcf7-list-item-label\">Impressi\u00f3 digital de curta durada (roll-up, banderola, cartell, etc.)<\/span><\/span><span class=\"wpcf7-list-item\"><input type=\"checkbox\" name=\"desti-imatge[]\" value=\"Impressi\u00f3 de gran format\" \/><span class=\"wpcf7-list-item-label\">Impressi\u00f3 de gran format<\/span><\/span><span class=\"wpcf7-list-item\"><input type=\"checkbox\" name=\"desti-imatge[]\" value=\"Estudi, informe o presentaci\u00f3 de tipus t\u00e8cnic\" \/><span class=\"wpcf7-list-item-label\">Estudi, informe o presentaci\u00f3 de tipus t\u00e8cnic<\/span><\/span><span class=\"wpcf7-list-item\"><input type=\"checkbox\" name=\"desti-imatge[]\" value=\"Entorn web i xarxes socials\" \/><span class=\"wpcf7-list-item-label\">Entorn web i xarxes socials<\/span><\/span><span class=\"wpcf7-list-item\"><input type=\"checkbox\" name=\"desti-imatge[]\" value=\"Televisi\u00f3\" \/><span class=\"wpcf7-list-item-label\">Televisi\u00f3<\/span><\/span><span class=\"wpcf7-list-item\"><input type=\"checkbox\" name=\"desti-imatge[]\" value=\"Us personal\" \/><span class=\"wpcf7-list-item-label\">Us personal<\/span><\/span><span class=\"wpcf7-list-item last\"><input type=\"checkbox\" name=\"desti-imatge[]\" value=\"Altres\" \/><span class=\"wpcf7-list-item-label\">Altres<\/span><\/span><\/span><\/span>\n\t\t<\/p>\n\t<\/font>\n<hr style=\"margin-top:10px;\" \/>\n\t<p><span class=\"wpcf7-form-control-wrap\" data-name=\"acceptance-254\"><span class=\"wpcf7-form-control wpcf7-acceptance\"><span class=\"wpcf7-list-item\"><label><input type=\"checkbox\" name=\"acceptance-254\" value=\"1\" aria-invalid=\"false\" \/><span class=\"wpcf7-list-item-label\">Si us plau, accepti la <a href=\"https:\/\/www.paisajesverticales.com\/ca\/mes-informacio\/notes-legals\/\" target=_blank>pol\u00edtica de privacitat i protecci\u00f3 de dades<\/a><\/span><\/label><\/span><\/span><\/span>\n\t<\/p>\n\t<p><input class=\"wpcf7-form-control wpcf7-submit has-spinner\" type=\"submit\" value=\"Enviar\" \/>\n\t<\/p>\n<\/div><div class=\"wpcf7-response-output\" aria-hidden=\"true\"><\/div>\n<\/form>\n<\/div>\n\n<\/div><div class=\"fusion-clearfix\"><\/div><\/div><\/div><\/div><\/div>\n","protected":false},"excerpt":{"rendered":"","protected":false},"author":1,"featured_media":0,"parent":4822,"menu_order":46,"comment_status":"closed","ping_status":"closed","template":"100-width.php","meta":{"_seopress_robots_primary_cat":"","_seopress_titles_title":"Paisatges Verticals, fotografia a\u00e8ria ~ Sol\u00b7licitud de pressupost","_seopress_titles_desc":"Sol\u00b7liciti un pressupost per al seu projecte de fotografia o v\u00eddeo aeri.","_seopress_robots_index":"","footnotes":""},"class_list":["post-8507","page","type-page","status-publish"],"_links":{"self":[{"href":"https:\/\/www.paisajesverticales.com\/ca\/wp-json\/wp\/v2\/pages\/8507","targetHints":{"allow":["GET"]}}],"collection":[{"href":"https:\/\/www.paisajesverticales.com\/ca\/wp-json\/wp\/v2\/pages"}],"about":[{"href":"https:\/\/www.paisajesverticales.com\/ca\/wp-json\/wp\/v2\/types\/page"}],"author":[{"embeddable":true,"href":"https:\/\/www.paisajesverticales.com\/ca\/wp-json\/wp\/v2\/users\/1"}],"replies":[{"embeddable":true,"href":"https:\/\/www.paisajesverticales.com\/ca\/wp-json\/wp\/v2\/comments?post=8507"}],"version-history":[{"count":0,"href":"https:\/\/www.paisajesverticales.com\/ca\/wp-json\/wp\/v2\/pages\/8507\/revisions"}],"up":[{"embeddable":true,"href":"https:\/\/www.paisajesverticales.com\/ca\/wp-json\/wp\/v2\/pages\/4822"}],"wp:attachment":[{"href":"https:\/\/www.paisajesverticales.com\/ca\/wp-json\/wp\/v2\/media?parent=8507"}],"curies":[{"name":"wp","href":"https:\/\/api.w.org\/{rel}","templated":true}]}}