{"id":5868,"date":"2018-12-17T21:29:30","date_gmt":"2018-12-17T20:29:30","guid":{"rendered":"https:\/\/www.paisajesverticales.com\/imagenes-de-paisaje-y-naturaleza-a-vista-de-dron\/"},"modified":"2025-07-25T18:58:09","modified_gmt":"2025-07-25T16:58:09","slug":"imatges-de-paisatge-i-natura-a-vista-de-dron","status":"publish","type":"page","link":"https:\/\/www.paisajesverticales.com\/ca\/serveis\/imatges-de-paisatge-i-natura-a-vista-de-dron\/","title":{"rendered":"Imatges de paisatge i natura a vista de dron"},"content":{"rendered":"<div class=\"fusion-fullwidth fullwidth-box fusion-builder-row-1 nonhundred-percent-fullwidth non-hundred-percent-height-scrolling\" style=\"--awb-border-radius-top-left:0px;--awb-border-radius-top-right:0px;--awb-border-radius-bottom-right:0px;--awb-border-radius-bottom-left:0px;--awb-margin-bottom:20px;--awb-flex-wrap:wrap;\" ><div class=\"fusion-builder-row fusion-row\"><div class=\"fusion-layout-column fusion_builder_column fusion-builder-column-0 fusion_builder_column_1_1 1_1 fusion-one-full fusion-column-first fusion-column-last\" style=\"--awb-bg-blend:overlay;--awb-bg-size:cover;\"><div class=\"fusion-column-wrapper fusion-flex-column-wrapper-legacy\"><div class=\"fusion-title title fusion-title-1 fusion-sep-none fusion-title-text fusion-title-size-one\"><h1 class=\"fusion-title-heading title-heading-left fusion-responsive-typography-calculated\" style=\"margin:0;--fontSize:34;line-height:1.3;\">Imatges de paisatge i natura a vista de dron<\/h1><\/div><div class=\"fusion-sep-clear\"><\/div><div class=\"fusion-separator fusion-full-width-sep\" style=\"margin-left: auto;margin-right: auto;margin-top:5px;margin-bottom:5px;width:100%;\"><\/div><div class=\"fusion-sep-clear\"><\/div><div class=\"awb-gallery-wrapper awb-gallery-wrapper-1 button-span-no\"><div style=\"margin:-5px;--awb-bordersize:0px;\" class=\"fusion-gallery fusion-gallery-container fusion-grid-3 fusion-columns-total-12 fusion-gallery-layout-grid fusion-gallery-1\"><div style=\"padding:5px;\" class=\"fusion-grid-column fusion-gallery-column fusion-gallery-column-3 hover-type-none\"><div class=\"fusion-gallery-image\"><a href=\"https:\/\/www.paisajesverticales.com\/WP\/wp-content\/uploads\/20180920-141140-WEB.jpg\" rel=\"noreferrer\" data-rel=\"iLightbox[gallery_image_1]\" class=\"fusion-lightbox\" target=\"_self\"><img decoding=\"async\" src=\"https:\/\/www.paisajesverticales.com\/WP\/wp-content\/uploads\/20180920-141140-WEB.jpg\" width=\"1200\" height=\"799\" alt=\"\" title=\"20180920-141140-WEB\" aria-label=\"20180920-141140-WEB\" class=\"img-responsive wp-image-5228 fusion-gallery-image-size-fixed\" srcset=\"https:\/\/www.paisajesverticales.com\/WP\/wp-content\/uploads\/20180920-141140-WEB-200x133.jpg 200w, https:\/\/www.paisajesverticales.com\/WP\/wp-content\/uploads\/20180920-141140-WEB-400x266.jpg 400w, https:\/\/www.paisajesverticales.com\/WP\/wp-content\/uploads\/20180920-141140-WEB-600x400.jpg 600w, https:\/\/www.paisajesverticales.com\/WP\/wp-content\/uploads\/20180920-141140-WEB-800x533.jpg 800w, https:\/\/www.paisajesverticales.com\/WP\/wp-content\/uploads\/20180920-141140-WEB.jpg 1200w\" sizes=\"(min-width: 2200px) 100vw, (min-width: 704px) 390px, (min-width: 672px) 585px, (min-width: 640px) 672px, \" \/><\/a><\/div><\/div><div style=\"padding:5px;\" class=\"fusion-grid-column fusion-gallery-column fusion-gallery-column-3 hover-type-none\"><div class=\"fusion-gallery-image\"><a href=\"https:\/\/www.paisajesverticales.com\/WP\/wp-content\/uploads\/20170507-DJI_0587-WEB.jpg\" rel=\"noreferrer\" data-rel=\"iLightbox[gallery_image_1]\" class=\"fusion-lightbox\" target=\"_self\"><img decoding=\"async\" src=\"https:\/\/www.paisajesverticales.com\/WP\/wp-content\/uploads\/20170507-DJI_0587-WEB.jpg\" width=\"1200\" height=\"900\" alt=\"Paisajes Verticales - Fotograf\u00eda a\u00e9rea - INFRAESTRUCTURAS Y OBRA CIVIL (Puente Eiffel sobre el rio Ter)\" title=\"Paisajes Verticales &#8211; Fotograf\u00eda a\u00e9rea &#8211; INFRAESTRUCTURAS Y OBRA CIVIL (Puente Eiffel sobre el rio Ter)\" aria-label=\"Paisajes Verticales &#8211; Fotograf\u00eda a\u00e9rea &#8211; INFRAESTRUCTURAS Y OBRA CIVIL (Puente Eiffel sobre el rio Ter)\" class=\"img-responsive wp-image-1223 fusion-gallery-image-size-fixed\" srcset=\"https:\/\/www.paisajesverticales.com\/WP\/wp-content\/uploads\/20170507-DJI_0587-WEB-200x150.jpg 200w, https:\/\/www.paisajesverticales.com\/WP\/wp-content\/uploads\/20170507-DJI_0587-WEB-400x300.jpg 400w, https:\/\/www.paisajesverticales.com\/WP\/wp-content\/uploads\/20170507-DJI_0587-WEB-600x450.jpg 600w, https:\/\/www.paisajesverticales.com\/WP\/wp-content\/uploads\/20170507-DJI_0587-WEB-800x600.jpg 800w, https:\/\/www.paisajesverticales.com\/WP\/wp-content\/uploads\/20170507-DJI_0587-WEB.jpg 1200w\" sizes=\"(min-width: 2200px) 100vw, (min-width: 704px) 390px, (min-width: 672px) 585px, (min-width: 640px) 672px, \" \/><\/a><\/div><\/div><div style=\"padding:5px;\" class=\"fusion-grid-column fusion-gallery-column fusion-gallery-column-3 hover-type-none\"><div class=\"fusion-gallery-image\"><a href=\"https:\/\/www.paisajesverticales.com\/WP\/wp-content\/uploads\/20151114-DJI_0029-WEB.jpg\" rel=\"noreferrer\" data-rel=\"iLightbox[gallery_image_1]\" class=\"fusion-lightbox\" target=\"_self\"><img decoding=\"async\" src=\"https:\/\/www.paisajesverticales.com\/WP\/wp-content\/uploads\/20151114-DJI_0029-WEB.jpg\" width=\"1200\" height=\"800\" alt=\"\" title=\"20151114-DJI_0029-WEB\" aria-label=\"20151114-DJI_0029-WEB\" class=\"img-responsive wp-image-5225 fusion-gallery-image-size-fixed\" srcset=\"https:\/\/www.paisajesverticales.com\/WP\/wp-content\/uploads\/20151114-DJI_0029-WEB-200x133.jpg 200w, https:\/\/www.paisajesverticales.com\/WP\/wp-content\/uploads\/20151114-DJI_0029-WEB-400x267.jpg 400w, https:\/\/www.paisajesverticales.com\/WP\/wp-content\/uploads\/20151114-DJI_0029-WEB-600x400.jpg 600w, https:\/\/www.paisajesverticales.com\/WP\/wp-content\/uploads\/20151114-DJI_0029-WEB-800x533.jpg 800w, https:\/\/www.paisajesverticales.com\/WP\/wp-content\/uploads\/20151114-DJI_0029-WEB.jpg 1200w\" sizes=\"(min-width: 2200px) 100vw, (min-width: 704px) 390px, (min-width: 672px) 585px, (min-width: 640px) 672px, \" \/><\/a><\/div><\/div><div class=\"clearfix\"><\/div><div style=\"padding:5px;\" class=\"fusion-grid-column fusion-gallery-column fusion-gallery-column-3 hover-type-none\"><div class=\"fusion-gallery-image\"><a href=\"https:\/\/www.paisajesverticales.com\/WP\/wp-content\/uploads\/20160329-DJI_0004-WEB.jpg\" rel=\"noreferrer\" data-rel=\"iLightbox[gallery_image_1]\" class=\"fusion-lightbox\" target=\"_self\"><img decoding=\"async\" src=\"https:\/\/www.paisajesverticales.com\/WP\/wp-content\/uploads\/20160329-DJI_0004-WEB.jpg\" width=\"1200\" height=\"900\" alt=\"Paisajes Verticales - Fotograf\u00eda a\u00e9rea - PROMOCI\u00d3N TUR\u00cdSTICA (Castellfollit de la Roca)\" title=\"Paisajes Verticales &#8211; Fotograf\u00eda a\u00e9rea &#8211; PROMOCI\u00d3N TUR\u00cdSTICA (Castellfollit de la Roca)\" aria-label=\"Paisajes Verticales &#8211; Fotograf\u00eda a\u00e9rea &#8211; PROMOCI\u00d3N TUR\u00cdSTICA (Castellfollit de la Roca)\" class=\"img-responsive wp-image-1765 fusion-gallery-image-size-fixed\" srcset=\"https:\/\/www.paisajesverticales.com\/WP\/wp-content\/uploads\/20160329-DJI_0004-WEB-200x150.jpg 200w, https:\/\/www.paisajesverticales.com\/WP\/wp-content\/uploads\/20160329-DJI_0004-WEB-400x300.jpg 400w, https:\/\/www.paisajesverticales.com\/WP\/wp-content\/uploads\/20160329-DJI_0004-WEB-600x450.jpg 600w, https:\/\/www.paisajesverticales.com\/WP\/wp-content\/uploads\/20160329-DJI_0004-WEB-800x600.jpg 800w, https:\/\/www.paisajesverticales.com\/WP\/wp-content\/uploads\/20160329-DJI_0004-WEB.jpg 1200w\" sizes=\"(min-width: 2200px) 100vw, (min-width: 704px) 390px, (min-width: 672px) 585px, (min-width: 640px) 672px, \" \/><\/a><\/div><\/div><div style=\"padding:5px;\" class=\"fusion-grid-column fusion-gallery-column fusion-gallery-column-3 hover-type-none\"><div class=\"fusion-gallery-image\"><a href=\"https:\/\/www.paisajesverticales.com\/WP\/wp-content\/uploads\/20171118-124256-WEB.jpg\" rel=\"noreferrer\" data-rel=\"iLightbox[gallery_image_1]\" class=\"fusion-lightbox\" target=\"_self\"><img decoding=\"async\" src=\"https:\/\/www.paisajesverticales.com\/WP\/wp-content\/uploads\/20171118-124256-WEB.jpg\" width=\"1200\" height=\"799\" alt=\"Carretera del Garraf (Barcelona)\" title=\"Carretera del Garraf (Barcelona)\" aria-label=\"Carretera del Garraf (Barcelona)\" class=\"img-responsive wp-image-3412 fusion-gallery-image-size-fixed\" srcset=\"https:\/\/www.paisajesverticales.com\/WP\/wp-content\/uploads\/20171118-124256-WEB-200x133.jpg 200w, https:\/\/www.paisajesverticales.com\/WP\/wp-content\/uploads\/20171118-124256-WEB-400x266.jpg 400w, https:\/\/www.paisajesverticales.com\/WP\/wp-content\/uploads\/20171118-124256-WEB-600x400.jpg 600w, https:\/\/www.paisajesverticales.com\/WP\/wp-content\/uploads\/20171118-124256-WEB-800x533.jpg 800w, https:\/\/www.paisajesverticales.com\/WP\/wp-content\/uploads\/20171118-124256-WEB.jpg 1200w\" sizes=\"(min-width: 2200px) 100vw, (min-width: 704px) 390px, (min-width: 672px) 585px, (min-width: 640px) 672px, \" \/><\/a><\/div><\/div><div style=\"padding:5px;\" class=\"fusion-grid-column fusion-gallery-column fusion-gallery-column-3 hover-type-none\"><div class=\"fusion-gallery-image\"><a href=\"https:\/\/www.paisajesverticales.com\/WP\/wp-content\/uploads\/20170223-DJI_0061-WEB.jpg\" rel=\"noreferrer\" data-rel=\"iLightbox[gallery_image_1]\" class=\"fusion-lightbox\" target=\"_self\"><img decoding=\"async\" src=\"https:\/\/www.paisajesverticales.com\/WP\/wp-content\/uploads\/20170223-DJI_0061-WEB.jpg\" width=\"1200\" height=\"900\" alt=\"Paisajes Verticales - Fotograf\u00eda a\u00e9rea - PAISAJE Y NATURALEZA\" title=\"Paisajes Verticales &#8211; Fotograf\u00eda a\u00e9rea &#8211; PAISAJE Y NATURALEZA\" aria-label=\"Paisajes Verticales &#8211; Fotograf\u00eda a\u00e9rea &#8211; PAISAJE Y NATURALEZA\" class=\"img-responsive wp-image-1231 fusion-gallery-image-size-fixed\" srcset=\"https:\/\/www.paisajesverticales.com\/WP\/wp-content\/uploads\/20170223-DJI_0061-WEB-200x150.jpg 200w, https:\/\/www.paisajesverticales.com\/WP\/wp-content\/uploads\/20170223-DJI_0061-WEB-400x300.jpg 400w, https:\/\/www.paisajesverticales.com\/WP\/wp-content\/uploads\/20170223-DJI_0061-WEB-600x450.jpg 600w, https:\/\/www.paisajesverticales.com\/WP\/wp-content\/uploads\/20170223-DJI_0061-WEB-800x600.jpg 800w, https:\/\/www.paisajesverticales.com\/WP\/wp-content\/uploads\/20170223-DJI_0061-WEB.jpg 1200w\" sizes=\"(min-width: 2200px) 100vw, (min-width: 704px) 390px, (min-width: 672px) 585px, (min-width: 640px) 672px, \" \/><\/a><\/div><\/div><div class=\"clearfix\"><\/div><div style=\"padding:5px;\" class=\"fusion-grid-column fusion-gallery-column fusion-gallery-column-3 hover-type-none\"><div class=\"fusion-gallery-image\"><a href=\"https:\/\/www.paisajesverticales.com\/WP\/wp-content\/uploads\/20151105-DJI_0094-WEB.jpg\" rel=\"noreferrer\" data-rel=\"iLightbox[gallery_image_1]\" class=\"fusion-lightbox\" target=\"_self\"><img decoding=\"async\" src=\"https:\/\/www.paisajesverticales.com\/WP\/wp-content\/uploads\/20151105-DJI_0094-WEB.jpg\" width=\"1200\" height=\"900\" alt=\"Paisajes Verticales \u2013 Fotograf\u00eda a\u00e9rea \u2013 PATRIMONIO HIST\u00d3RICO (Emp\u00faries)\" title=\"Paisajes Verticales \u2013 Fotograf\u00eda a\u00e9rea \u2013 PATRIMONIO HIST\u00d3RICO (Emp\u00faries)\" aria-label=\"Paisajes Verticales \u2013 Fotograf\u00eda a\u00e9rea \u2013 PATRIMONIO HIST\u00d3RICO (Emp\u00faries)\" class=\"img-responsive wp-image-1727 fusion-gallery-image-size-fixed\" srcset=\"https:\/\/www.paisajesverticales.com\/WP\/wp-content\/uploads\/20151105-DJI_0094-WEB-200x150.jpg 200w, https:\/\/www.paisajesverticales.com\/WP\/wp-content\/uploads\/20151105-DJI_0094-WEB-400x300.jpg 400w, https:\/\/www.paisajesverticales.com\/WP\/wp-content\/uploads\/20151105-DJI_0094-WEB-600x450.jpg 600w, https:\/\/www.paisajesverticales.com\/WP\/wp-content\/uploads\/20151105-DJI_0094-WEB-800x600.jpg 800w, https:\/\/www.paisajesverticales.com\/WP\/wp-content\/uploads\/20151105-DJI_0094-WEB.jpg 1200w\" sizes=\"(min-width: 2200px) 100vw, (min-width: 704px) 390px, (min-width: 672px) 585px, (min-width: 640px) 672px, \" \/><\/a><\/div><\/div><div style=\"padding:5px;\" class=\"fusion-grid-column fusion-gallery-column fusion-gallery-column-3 hover-type-none\"><div class=\"fusion-gallery-image\"><a href=\"https:\/\/www.paisajesverticales.com\/WP\/wp-content\/uploads\/20151114-DJI_0013-WEB.jpg\" rel=\"noreferrer\" data-rel=\"iLightbox[gallery_image_1]\" class=\"fusion-lightbox\" target=\"_self\"><img decoding=\"async\" src=\"https:\/\/www.paisajesverticales.com\/WP\/wp-content\/uploads\/20151114-DJI_0013-WEB.jpg\" width=\"1200\" height=\"900\" alt=\"Paisajes Verticales - Fotograf\u00eda a\u00e9rea - PAISAJE Y NATURALEZA (Banyoles)\" title=\"Paisajes Verticales &#8211; Fotograf\u00eda a\u00e9rea &#8211; PAISAJE Y NATURALEZA (Banyoles)\" aria-label=\"Paisajes Verticales &#8211; Fotograf\u00eda a\u00e9rea &#8211; PAISAJE Y NATURALEZA (Banyoles)\" class=\"img-responsive wp-image-1219 fusion-gallery-image-size-fixed\" srcset=\"https:\/\/www.paisajesverticales.com\/WP\/wp-content\/uploads\/20151114-DJI_0013-WEB-200x150.jpg 200w, https:\/\/www.paisajesverticales.com\/WP\/wp-content\/uploads\/20151114-DJI_0013-WEB-400x300.jpg 400w, https:\/\/www.paisajesverticales.com\/WP\/wp-content\/uploads\/20151114-DJI_0013-WEB-600x450.jpg 600w, https:\/\/www.paisajesverticales.com\/WP\/wp-content\/uploads\/20151114-DJI_0013-WEB-800x600.jpg 800w, https:\/\/www.paisajesverticales.com\/WP\/wp-content\/uploads\/20151114-DJI_0013-WEB.jpg 1200w\" sizes=\"(min-width: 2200px) 100vw, (min-width: 704px) 390px, (min-width: 672px) 585px, (min-width: 640px) 672px, \" \/><\/a><\/div><\/div><div style=\"padding:5px;\" class=\"fusion-grid-column fusion-gallery-column fusion-gallery-column-3 hover-type-none\"><div class=\"fusion-gallery-image\"><a href=\"https:\/\/www.paisajesverticales.com\/WP\/wp-content\/uploads\/20160924-DJI_0017-WEB.jpg\" rel=\"noreferrer\" data-rel=\"iLightbox[gallery_image_1]\" class=\"fusion-lightbox\" target=\"_self\"><img decoding=\"async\" src=\"https:\/\/www.paisajesverticales.com\/WP\/wp-content\/uploads\/20160924-DJI_0017-WEB.jpg\" width=\"1200\" height=\"900\" alt=\"Paisajes Verticales - Fotograf\u00eda a\u00e9rea - PROMOCI\u00d3N TUR\u00cdSTICA (S&#039;Alguer, Palam\u00f3s)\" title=\"Paisajes Verticales &#8211; Fotograf\u00eda a\u00e9rea &#8211; PROMOCI\u00d3N TUR\u00cdSTICA (S&#8217;Alguer, Palam\u00f3s)\" aria-label=\"Paisajes Verticales &#8211; Fotograf\u00eda a\u00e9rea &#8211; PROMOCI\u00d3N TUR\u00cdSTICA (S&#8217;Alguer, Palam\u00f3s)\" class=\"img-responsive wp-image-1771 fusion-gallery-image-size-fixed\" srcset=\"https:\/\/www.paisajesverticales.com\/WP\/wp-content\/uploads\/20160924-DJI_0017-WEB-200x150.jpg 200w, https:\/\/www.paisajesverticales.com\/WP\/wp-content\/uploads\/20160924-DJI_0017-WEB-400x300.jpg 400w, https:\/\/www.paisajesverticales.com\/WP\/wp-content\/uploads\/20160924-DJI_0017-WEB-600x450.jpg 600w, https:\/\/www.paisajesverticales.com\/WP\/wp-content\/uploads\/20160924-DJI_0017-WEB-800x600.jpg 800w, https:\/\/www.paisajesverticales.com\/WP\/wp-content\/uploads\/20160924-DJI_0017-WEB.jpg 1200w\" sizes=\"(min-width: 2200px) 100vw, (min-width: 704px) 390px, (min-width: 672px) 585px, (min-width: 640px) 672px, \" \/><\/a><\/div><\/div><div class=\"clearfix\"><\/div><div style=\"padding:5px;\" class=\"fusion-grid-column fusion-gallery-column fusion-gallery-column-3 hover-type-none\"><div class=\"fusion-gallery-image\"><a href=\"https:\/\/www.paisajesverticales.com\/WP\/wp-content\/uploads\/20140524-DJI00036-WEB.jpg\" rel=\"noreferrer\" data-rel=\"iLightbox[gallery_image_1]\" class=\"fusion-lightbox\" target=\"_self\"><img decoding=\"async\" src=\"https:\/\/www.paisajesverticales.com\/WP\/wp-content\/uploads\/20140524-DJI00036-WEB.jpg\" width=\"1200\" height=\"900\" alt=\"Paisajes Verticales \u2013 Fotograf\u00eda a\u00e9rea \u2013 PROMOCI\u00d3N TUR\u00cdSTICA (Calella de Palafrugell)\" title=\"Paisajes Verticales \u2013 Fotograf\u00eda a\u00e9rea \u2013 PROMOCI\u00d3N TUR\u00cdSTICA (Calella de Palafrugell)\" aria-label=\"Paisajes Verticales \u2013 Fotograf\u00eda a\u00e9rea \u2013 PROMOCI\u00d3N TUR\u00cdSTICA (Calella de Palafrugell)\" class=\"img-responsive wp-image-1996 fusion-gallery-image-size-fixed\" srcset=\"https:\/\/www.paisajesverticales.com\/WP\/wp-content\/uploads\/20140524-DJI00036-WEB-200x150.jpg 200w, https:\/\/www.paisajesverticales.com\/WP\/wp-content\/uploads\/20140524-DJI00036-WEB-400x300.jpg 400w, https:\/\/www.paisajesverticales.com\/WP\/wp-content\/uploads\/20140524-DJI00036-WEB-600x450.jpg 600w, https:\/\/www.paisajesverticales.com\/WP\/wp-content\/uploads\/20140524-DJI00036-WEB-800x600.jpg 800w, https:\/\/www.paisajesverticales.com\/WP\/wp-content\/uploads\/20140524-DJI00036-WEB.jpg 1200w\" sizes=\"(min-width: 2200px) 100vw, (min-width: 704px) 390px, (min-width: 672px) 585px, (min-width: 640px) 672px, \" \/><\/a><\/div><\/div><div style=\"padding:5px;\" class=\"fusion-grid-column fusion-gallery-column fusion-gallery-column-3 hover-type-none\"><div class=\"fusion-gallery-image\"><a href=\"https:\/\/www.paisajesverticales.com\/WP\/wp-content\/uploads\/20150924-DJI_0046-WEB.jpg\" rel=\"noreferrer\" data-rel=\"iLightbox[gallery_image_1]\" class=\"fusion-lightbox\" target=\"_self\"><img decoding=\"async\" src=\"https:\/\/www.paisajesverticales.com\/WP\/wp-content\/uploads\/20150924-DJI_0046-WEB.jpg\" width=\"1200\" height=\"900\" alt=\"Paisajes Verticales \u2013 Fotograf\u00eda a\u00e9rea \u2013 PROMOCI\u00d3N TUR\u00cdSTICA (Llafranc)\" title=\"Paisajes Verticales \u2013 Fotograf\u00eda a\u00e9rea \u2013 PROMOCI\u00d3N TUR\u00cdSTICA (Llafranc)\" aria-label=\"Paisajes Verticales \u2013 Fotograf\u00eda a\u00e9rea \u2013 PROMOCI\u00d3N TUR\u00cdSTICA (Llafranc)\" class=\"img-responsive wp-image-1946 fusion-gallery-image-size-fixed\" srcset=\"https:\/\/www.paisajesverticales.com\/WP\/wp-content\/uploads\/20150924-DJI_0046-WEB-200x150.jpg 200w, https:\/\/www.paisajesverticales.com\/WP\/wp-content\/uploads\/20150924-DJI_0046-WEB-400x300.jpg 400w, https:\/\/www.paisajesverticales.com\/WP\/wp-content\/uploads\/20150924-DJI_0046-WEB-600x450.jpg 600w, https:\/\/www.paisajesverticales.com\/WP\/wp-content\/uploads\/20150924-DJI_0046-WEB-800x600.jpg 800w, https:\/\/www.paisajesverticales.com\/WP\/wp-content\/uploads\/20150924-DJI_0046-WEB.jpg 1200w\" sizes=\"(min-width: 2200px) 100vw, (min-width: 704px) 390px, (min-width: 672px) 585px, (min-width: 640px) 672px, \" \/><\/a><\/div><\/div><div style=\"padding:5px;\" class=\"fusion-grid-column fusion-gallery-column fusion-gallery-column-3 hover-type-none\"><div class=\"fusion-gallery-image\"><a href=\"https:\/\/www.paisajesverticales.com\/WP\/wp-content\/uploads\/20150918-DJI_0028-WEB.jpg\" rel=\"noreferrer\" data-rel=\"iLightbox[gallery_image_1]\" class=\"fusion-lightbox\" target=\"_self\"><img decoding=\"async\" src=\"https:\/\/www.paisajesverticales.com\/WP\/wp-content\/uploads\/20150918-DJI_0028-WEB.jpg\" width=\"1200\" height=\"900\" alt=\"Paisajes Verticales \u2013 Fotograf\u00eda a\u00e9rea \u2013 PAISAJE Y NATURALEZA (Fla\u00e7\u00e0)\" title=\"Paisajes Verticales \u2013 Fotograf\u00eda a\u00e9rea \u2013 PAISAJE Y NATURALEZA (Fla\u00e7\u00e0)\" aria-label=\"Paisajes Verticales \u2013 Fotograf\u00eda a\u00e9rea \u2013 PAISAJE Y NATURALEZA (Fla\u00e7\u00e0)\" class=\"img-responsive wp-image-1943 fusion-gallery-image-size-fixed\" srcset=\"https:\/\/www.paisajesverticales.com\/WP\/wp-content\/uploads\/20150918-DJI_0028-WEB-200x150.jpg 200w, https:\/\/www.paisajesverticales.com\/WP\/wp-content\/uploads\/20150918-DJI_0028-WEB-400x300.jpg 400w, https:\/\/www.paisajesverticales.com\/WP\/wp-content\/uploads\/20150918-DJI_0028-WEB-600x450.jpg 600w, https:\/\/www.paisajesverticales.com\/WP\/wp-content\/uploads\/20150918-DJI_0028-WEB-800x600.jpg 800w, https:\/\/www.paisajesverticales.com\/WP\/wp-content\/uploads\/20150918-DJI_0028-WEB.jpg 1200w\" sizes=\"(min-width: 2200px) 100vw, (min-width: 704px) 390px, (min-width: 672px) 585px, (min-width: 640px) 672px, \" \/><\/a><\/div><\/div><div class=\"clearfix\"><\/div><\/div><\/div><div class=\"fusion-sep-clear\"><\/div><div class=\"fusion-separator fusion-full-width-sep\" style=\"margin-left: auto;margin-right: auto;margin-top:15px;margin-bottom:15px;width:100%;\"><\/div><div class=\"fusion-sep-clear\"><\/div><div class=\"fusion-text fusion-text-1\"><div style=\"font-size: 26px; line-height: 34px;\">\n<p>Imatges a vista de dron de paisatges de mar, muntanya, medi rural i del patrimoni natural per a il\u00b7lustraci\u00f3 de campanyes publicit\u00e0ries i mitjans editorials com revistes, llibres, cartells, postals, etc. A continuaci\u00f3 pot veure una petita mostra de treballs publicats.<\/p>\n<p>En el nostre <a title=\"Banc d'imatges a\u00e8ries en venda\" href=\"https:\/\/www.paisajesverticales.com\/ca\/banc-dimatges-aeries-en-venda\/\">banc d&#8217;imatges<\/a>\u00a0tamb\u00e9 pot adquirir fotografies ja realitzades.<\/p>\n<\/div>\n<\/div><div class=\"fusion-text fusion-text-2\"><div style=\"font-size: 16px; line-height: 20px;\">\n<p>Visiti tamb\u00e9 l&#8217;<a href=\"https:\/\/www.paisajesverticales.com\/ca\/serveis\/\">apartat de serveis<\/a> per a veure altres tipus d&#8217;imatges i la resta dels nostres serveis. I a la <a title=\"Galeria de treballs recents\" href=\"https:\/\/www.paisajesverticales.com\/ca\/treballs-recents\/\">galeria de treballs recents<\/a> podr\u00e0 veure els treballs m\u00e9s significatius que anem portant a terme.<\/p>\n<p style=\"margin-top: -12px;\">Pot <a class=\"fusion-modal-text-link\" data-toggle=\"modal\" data-target=\".fusion-modal.contacte-CAT\" href=\"#\">posar-se en contacte<\/a> amb nosaltres per a sol\u00b7licitar m\u00e9s informaci\u00f3 o un pressupost sense comprom\u00eds. O b\u00e9 pot visitar la <a title=\"P\u00e1gina de tarifas\" href=\"https:\/\/www.paisajesverticales.com\/ca\/mes-informacio\/tarifes\/\">p\u00e0gina de tarifes<\/a> per a con\u00e8ixer aproximadament el cost del seu projecte sense necessitat de contactar-nos.<\/p>\n<\/div>\n<\/div><div class=\"fusion-clearfix\"><\/div><\/div><\/div><\/div><\/div>\n","protected":false},"excerpt":{"rendered":"","protected":false},"author":1,"featured_media":0,"parent":2959,"menu_order":16,"comment_status":"closed","ping_status":"closed","template":"100-width.php","meta":{"_seopress_robots_primary_cat":"","_seopress_titles_title":"Paisatges Verticals, fotografia a\u00e8ria ~ Serveis: imatges de paisatge i natura a vista de dron","_seopress_titles_desc":"Imatges de paisatges i del patrimoni natural a vista de dron per a il\u00b7lustraci\u00f3 de mitjans editorials i publicitat.","_seopress_robots_index":"","footnotes":""},"class_list":["post-5868","page","type-page","status-publish"],"_links":{"self":[{"href":"https:\/\/www.paisajesverticales.com\/ca\/wp-json\/wp\/v2\/pages\/5868","targetHints":{"allow":["GET"]}}],"collection":[{"href":"https:\/\/www.paisajesverticales.com\/ca\/wp-json\/wp\/v2\/pages"}],"about":[{"href":"https:\/\/www.paisajesverticales.com\/ca\/wp-json\/wp\/v2\/types\/page"}],"author":[{"embeddable":true,"href":"https:\/\/www.paisajesverticales.com\/ca\/wp-json\/wp\/v2\/users\/1"}],"replies":[{"embeddable":true,"href":"https:\/\/www.paisajesverticales.com\/ca\/wp-json\/wp\/v2\/comments?post=5868"}],"version-history":[{"count":2,"href":"https:\/\/www.paisajesverticales.com\/ca\/wp-json\/wp\/v2\/pages\/5868\/revisions"}],"predecessor-version":[{"id":19875,"href":"https:\/\/www.paisajesverticales.com\/ca\/wp-json\/wp\/v2\/pages\/5868\/revisions\/19875"}],"up":[{"embeddable":true,"href":"https:\/\/www.paisajesverticales.com\/ca\/wp-json\/wp\/v2\/pages\/2959"}],"wp:attachment":[{"href":"https:\/\/www.paisajesverticales.com\/ca\/wp-json\/wp\/v2\/media?parent=5868"}],"curies":[{"name":"wp","href":"https:\/\/api.w.org\/{rel}","templated":true}]}}