{"id":2959,"date":"2018-02-24T19:59:15","date_gmt":"2018-02-24T18:59:15","guid":{"rendered":"http:\/\/www.paisajesverticales.com\/?page_id=2959"},"modified":"2025-04-14T20:37:12","modified_gmt":"2025-04-14T18:37:12","slug":"serveis","status":"publish","type":"page","link":"https:\/\/www.paisajesverticales.com\/ca\/serveis\/","title":{"rendered":"Serveis"},"content":{"rendered":"<div class=\"fusion-fullwidth fullwidth-box fusion-builder-row-1 nonhundred-percent-fullwidth non-hundred-percent-height-scrolling\" style=\"--awb-border-radius-top-left:0px;--awb-border-radius-top-right:0px;--awb-border-radius-bottom-right:0px;--awb-border-radius-bottom-left:0px;--awb-flex-wrap:wrap;\" ><div class=\"fusion-builder-row fusion-row\"><div class=\"fusion-layout-column fusion_builder_column fusion-builder-column-0 fusion_builder_column_1_1 1_1 fusion-one-full fusion-column-first fusion-column-last\" style=\"--awb-bg-size:cover;\"><div class=\"fusion-column-wrapper fusion-flex-column-wrapper-legacy\"><div class=\"fusion-title title fusion-title-1 fusion-sep-none fusion-title-text fusion-title-size-one\"><h1 class=\"fusion-title-heading title-heading-left fusion-responsive-typography-calculated\" style=\"margin:0;--fontSize:34;line-height:1.3;\">Serveis<\/h1><\/div><div class=\"fusion-text fusion-text-1\"><p>Paisajes Verticals<sup style=\"font-size: 9px;\">\u00ae<\/sup> presta serveis aeris audiovisuals com:<\/p>\n<ul>\n<li style=\"list-style-type: none;\">\n<ul>\n<li><a title=\"Reportatges fotogr\u00e0fics aeris per a promoci\u00f3 tur\u00edstica\" href=\"https:\/\/www.paisajesverticales.com\/ca\/serveis\/fotografia-i-video-aeri-per-a-promocio-turistica\/\">Reportatges fotogr\u00e0fics aeris per a promoci\u00f3 tur\u00edstica<\/a><\/li>\n<li><a title=\"Imatges de paisatge i natura a vista de dron\" href=\"https:\/\/www.paisajesverticales.com\/ca\/serveis\/imatges-de-paisatge-i-natura-a-vista-de-dron\/\">Imatges de paisatge i natura a vista de dron<\/a><\/li>\n<li><a title=\"Fotografies a vista de dron per al sector immobiliari\" href=\"https:\/\/www.paisajesverticales.com\/ca\/serveis\/fotografies-a-vista-de-dron-per-al-sector-immobiliari\/\">Fotografies a vista de dron per al sector immobiliari<\/a><\/li>\n<li><a title=\"Imatge a\u00e8ria per a ind\u00fastria, enginyeria i construcci\u00f3\" href=\"https:\/\/www.paisajesverticales.com\/ca\/serveis\/imatge-aeria-per-a-industria-enginyeria-i-construccio\/\">Imatge a\u00e8ria per a ind\u00fastria, enginyeria i construcci\u00f3<\/a><\/li>\n<li><a title=\"Documentaci\u00f3 fotogr\u00e0fica del patrimoni hist\u00f2ric\" href=\"https:\/\/www.paisajesverticales.com\/ca\/serveis\/documentacio-fotografica-del-patrimoni-historic\/\">Documentaci\u00f3 fotogr\u00e0fica del patrimoni hist\u00f2ric<\/a><\/li>\n<li><a title=\"Reportatges audiovisuals amb dron per a esports i esdeveniments\" href=\"https:\/\/www.paisajesverticales.com\/ca\/serveis\/reportatges-audiovisuals-amb-dron-per-a-esports-i-esdeveniments\/\">Reportatges audiovisuals amb dron per a esports i esdeveniments<\/a><\/li>\n<li><a title=\"Observaci\u00f3 a\u00e8ria per a l'\u00e0mbit agr\u00edcola i forestal\" href=\"https:\/\/www.paisajesverticales.com\/ca\/serveis\/observacio-aeria-per-a-lambit-agricola-i-forestal\/\">Observaci\u00f3 a\u00e8ria per a l&#8217;\u00e0mbit agr\u00edcola i forestal<\/a><\/li>\n<\/ul>\n<\/li>\n<\/ul>\n<p>Aix\u00ed mateix, podem realitzar treballs fotogr\u00e0fics especials, com timelapses aeris, fotografies panor\u00e0miques de 180\u00ba des de l&#8217;aire, gigafotografies, etc.<\/p>\n<p>Disposem de diversos equips, podent oferir una resoluci\u00f3 d&#8217;imatge de fins a 24 Mpx en les fotografies i de 4K en el video. Disposem de bateries suficients per gaudir d&#8217;una autonomia de vol de m\u00e9s de 2 hores. Tamb\u00e9 comptem amb bra\u00e7os basculants i perxes de fins a 5 metres per fer filmaci\u00f3 i fotografia en aquells llocs on no es pugui volar amb un dron.<\/p>\n<p>Com a professionals amb molts anys d&#8217;experi\u00e8ncia en fotografia tradicional, podem realitzar tamb\u00e9 treballs no aeris sobre arquitectura i interiors. fotografia publicit\u00e0ria, fotografia industrial, etc.<\/p>\n<p>Consulti <a title=\"Tarifes\" href=\"https:\/\/www.paisajesverticales.com\/ca\/mes-informacio\/tarifes\/\">les nostres tarifes<\/a> o b\u00e9 <a class=\"fusion-modal-text-link\" data-toggle=\"modal\" data-target=\".fusion-modal.contacte-CAT\" href=\"#\">demani&#8217;ns un pressupost<\/a> sense comprom\u00eds.<\/p>\n<\/div><div class=\"fusion-clearfix\"><\/div><\/div><\/div><\/div><\/div>\n","protected":false},"excerpt":{"rendered":"","protected":false},"author":1,"featured_media":0,"parent":0,"menu_order":4,"comment_status":"closed","ping_status":"closed","template":"100-width.php","meta":{"_seopress_robots_primary_cat":"","_seopress_titles_title":"Paisatges Verticals, fotografia a\u00e8ria ~ Serveis","_seopress_titles_desc":"Serveis audiovisuals aeris prestats per Paisatges Verticals, empresa operadora de drones ubicada a Girona.","_seopress_robots_index":"","footnotes":""},"class_list":["post-2959","page","type-page","status-publish"],"_links":{"self":[{"href":"https:\/\/www.paisajesverticales.com\/ca\/wp-json\/wp\/v2\/pages\/2959","targetHints":{"allow":["GET"]}}],"collection":[{"href":"https:\/\/www.paisajesverticales.com\/ca\/wp-json\/wp\/v2\/pages"}],"about":[{"href":"https:\/\/www.paisajesverticales.com\/ca\/wp-json\/wp\/v2\/types\/page"}],"author":[{"embeddable":true,"href":"https:\/\/www.paisajesverticales.com\/ca\/wp-json\/wp\/v2\/users\/1"}],"replies":[{"embeddable":true,"href":"https:\/\/www.paisajesverticales.com\/ca\/wp-json\/wp\/v2\/comments?post=2959"}],"version-history":[{"count":0,"href":"https:\/\/www.paisajesverticales.com\/ca\/wp-json\/wp\/v2\/pages\/2959\/revisions"}],"wp:attachment":[{"href":"https:\/\/www.paisajesverticales.com\/ca\/wp-json\/wp\/v2\/media?parent=2959"}],"curies":[{"name":"wp","href":"https:\/\/api.w.org\/{rel}","templated":true}]}}