{"id":1562,"date":"2017-06-13T14:57:31","date_gmt":"2017-06-13T12:57:31","guid":{"rendered":"https:\/\/www.paisajesverticales.com\/?page_id=1562\/"},"modified":"2025-02-12T20:28:41","modified_gmt":"2025-02-12T19:28:41","slug":"tarifes","status":"publish","type":"page","link":"https:\/\/www.paisajesverticales.com\/ca\/mes-informacio\/tarifes\/","title":{"rendered":"Tarifes"},"content":{"rendered":"<div class=\"fusion-fullwidth fullwidth-box fusion-builder-row-1 nonhundred-percent-fullwidth non-hundred-percent-height-scrolling\" style=\"--awb-border-radius-top-left:0px;--awb-border-radius-top-right:0px;--awb-border-radius-bottom-right:0px;--awb-border-radius-bottom-left:0px;--awb-flex-wrap:wrap;\" ><div class=\"fusion-builder-row fusion-row\"><div class=\"fusion-layout-column fusion_builder_column fusion-builder-column-0 fusion_builder_column_1_1 1_1 fusion-one-full fusion-column-first fusion-column-last\" style=\"--awb-bg-size:cover;\"><div class=\"fusion-column-wrapper fusion-flex-column-wrapper-legacy\"><div class=\"fusion-title title fusion-title-1 fusion-sep-none fusion-title-text fusion-title-size-one\"><h1 class=\"fusion-title-heading title-heading-left fusion-responsive-typography-calculated\" style=\"margin:0;--fontSize:34;line-height:1.3;\">Tarifes<\/h1><\/div><div class=\"fusion-text fusion-text-1\"><p>Cada projecte t\u00e9 les seves particularitats i per aix\u00f2 treballem sempre amb un pressupost previ. No dubti en <a class=\"fusion-modal-text-link\" data-toggle=\"modal\" data-target=\".fusion-modal.contacte-CAT\" href=\"#\">demanar-nos les nostres tarifes<\/a>\u00a0o b\u00e9\u00a0<a class=\"fusion-modal-text-link\" data-toggle=\"modal\" data-target=\".fusion-modal.pressupost-CAT\" href=\"#\">demanar-nos un pressupost<\/a> per a valorar tots els detalls del seu projecte en particular.<\/p>\n<\/div><div class=\"fusion-sep-clear\"><\/div><div class=\"fusion-separator fusion-full-width-sep\" style=\"margin-left: auto;margin-right: auto;margin-top:20px;margin-bottom:25px;width:100%;\"><div class=\"fusion-separator-border sep-single sep-solid\" style=\"--awb-height:20px;--awb-amount:20px;--awb-sep-color:rgba(0,158,186,0.3);border-color:rgba(0,158,186,0.3);border-top-width:1px;\"><\/div><\/div><div class=\"fusion-sep-clear\"><\/div><div class=\"fusion-title title fusion-title-2 fusion-sep-none fusion-title-text fusion-title-size-one\"><h1 class=\"fusion-title-heading title-heading-left fusion-responsive-typography-calculated\" style=\"margin:0;--fontSize:34;line-height:1.3;\">Ofertes especials<\/h1><\/div><div class=\"fusion-title title fusion-title-3 fusion-sep-none fusion-title-text fusion-title-size-two\"><h2 class=\"fusion-title-heading title-heading-left fusion-responsive-typography-calculated\" style=\"margin:0;--fontSize:25;line-height:1.4;\">Fotografia immobili\u00e0ria<\/h2><\/div><div class=\"fusion-text fusion-text-2\"><p>Descomptes a professionals del sector immobiliari amb un comprom\u00eds previ d&#8217;un m\u00ednim d&#8217;enc\u00e0rrecs peri\u00f2dics.<\/p>\n<\/div><div class=\"fusion-sep-clear\"><\/div><div class=\"fusion-separator fusion-full-width-sep\" style=\"margin-left: auto;margin-right: auto;margin-top:20px;margin-bottom:25px;width:100%;\"><div class=\"fusion-separator-border sep-single sep-solid\" style=\"--awb-height:20px;--awb-amount:20px;--awb-sep-color:rgba(0,158,186,0.3);border-color:rgba(0,158,186,0.3);border-top-width:1px;\"><\/div><\/div><div class=\"fusion-sep-clear\"><\/div><div class=\"fusion-title title fusion-title-4 fusion-sep-none fusion-title-text fusion-title-size-two\"><h2 class=\"fusion-title-heading title-heading-left fusion-responsive-typography-calculated\" style=\"margin:0;--fontSize:25;line-height:1.4;\">Treballs per a altres fot\u00f2grafs<\/h2><\/div><div class=\"fusion-text fusion-text-3\"><p>Descomptes a professionals del sector audiovisual en r\u00e8gim de subcontractaci\u00f3. Lliurament del material en brut.<\/p>\n<\/div><div class=\"fusion-sep-clear\"><\/div><div class=\"fusion-separator fusion-full-width-sep\" style=\"margin-left: auto;margin-right: auto;margin-top:20px;margin-bottom:25px;width:100%;\"><div class=\"fusion-separator-border sep-single sep-solid\" style=\"--awb-height:20px;--awb-amount:20px;--awb-sep-color:rgba(0,158,186,0.3);border-color:rgba(0,158,186,0.3);border-top-width:1px;\"><\/div><\/div><div class=\"fusion-sep-clear\"><\/div><div class=\"fusion-clearfix\"><\/div><\/div><\/div><\/div><\/div>\n","protected":false},"excerpt":{"rendered":"","protected":false},"author":1,"featured_media":0,"parent":4822,"menu_order":41,"comment_status":"closed","ping_status":"closed","template":"100-width.php","meta":{"_seopress_robots_primary_cat":"","_seopress_titles_title":"Paisatges Verticals, fotografia a\u00e8ria ~ Tarifes","_seopress_titles_desc":"Tarifes generals de Paisatges Verticals per a la realitzaci\u00f3 de fotografia i video aeri i d'altres treballs amb drons.","_seopress_robots_index":"","footnotes":""},"class_list":["post-1562","page","type-page","status-publish"],"_links":{"self":[{"href":"https:\/\/www.paisajesverticales.com\/ca\/wp-json\/wp\/v2\/pages\/1562","targetHints":{"allow":["GET"]}}],"collection":[{"href":"https:\/\/www.paisajesverticales.com\/ca\/wp-json\/wp\/v2\/pages"}],"about":[{"href":"https:\/\/www.paisajesverticales.com\/ca\/wp-json\/wp\/v2\/types\/page"}],"author":[{"embeddable":true,"href":"https:\/\/www.paisajesverticales.com\/ca\/wp-json\/wp\/v2\/users\/1"}],"replies":[{"embeddable":true,"href":"https:\/\/www.paisajesverticales.com\/ca\/wp-json\/wp\/v2\/comments?post=1562"}],"version-history":[{"count":0,"href":"https:\/\/www.paisajesverticales.com\/ca\/wp-json\/wp\/v2\/pages\/1562\/revisions"}],"up":[{"embeddable":true,"href":"https:\/\/www.paisajesverticales.com\/ca\/wp-json\/wp\/v2\/pages\/4822"}],"wp:attachment":[{"href":"https:\/\/www.paisajesverticales.com\/ca\/wp-json\/wp\/v2\/media?parent=1562"}],"curies":[{"name":"wp","href":"https:\/\/api.w.org\/{rel}","templated":true}]}}